{"id":157701,"date":"2024-02-27T09:50:30","date_gmt":"2024-02-27T09:50:30","guid":{"rendered":"https:\/\/clic-ctsa.org\/?page_id=157701"},"modified":"2024-04-12T17:33:19","modified_gmt":"2024-04-12T17:33:19","slug":"monika-schneider","status":"publish","type":"page","link":"https:\/\/shopsplusproject.org\/de\/authors\/monika-schneider","title":{"rendered":"Monika Schneider"},"content":{"rendered":"\t\t<div data-elementor-type=\"wp-page\" data-elementor-id=\"157701\" class=\"elementor elementor-157701\">\n\t\t\t\t\t\t<section class=\"elementor-section elementor-top-section elementor-element elementor-element-518da659 elementor-section-boxed elementor-section-height-default elementor-section-height-default\" data-id=\"518da659\" data-element_type=\"section\">\n\t\t\t\t\t\t<div class=\"elementor-container elementor-column-gap-default\">\n\t\t\t\t\t<div class=\"elementor-column elementor-col-100 elementor-top-column elementor-element elementor-element-4d8e6978\" data-id=\"4d8e6978\" data-element_type=\"column\">\n\t\t\t<div class=\"elementor-widget-wrap elementor-element-populated\">\n\t\t\t\t\t\t<div class=\"elementor-element elementor-element-7fc2ae2c elementor-widget elementor-widget-text-editor\" data-id=\"7fc2ae2c\" data-element_type=\"widget\" data-widget_type=\"text-editor.default\">\n\t\t\t\t<div class=\"elementor-widget-container\">\n\t\t\t\t\t\t\t\t\tauthors\/felix-richter\t\t\t\t\t\t\t\t<\/div>\n\t\t\t\t<\/div>\n\t\t\t\t\t<\/div>\n\t\t<\/div>\n\t\t\t\t\t<\/div>\n\t\t<\/section>\n\t\t\t\t<section class=\"elementor-section elementor-top-section elementor-element elementor-element-352d0913 elementor-section-boxed elementor-section-height-default elementor-section-height-default\" data-id=\"352d0913\" data-element_type=\"section\">\n\t\t\t\t\t\t<div class=\"elementor-container elementor-column-gap-default\">\n\t\t\t\t\t<div class=\"elementor-column elementor-col-100 elementor-top-column elementor-element elementor-element-58c2ec8b\" data-id=\"58c2ec8b\" data-element_type=\"column\">\n\t\t\t<div class=\"elementor-widget-wrap elementor-element-populated\">\n\t\t\t\t\t\t<div class=\"elementor-element elementor-element-11145f2d elementor-widget elementor-widget-shortcode\" data-id=\"11145f2d\" data-element_type=\"widget\" data-widget_type=\"shortcode.default\">\n\t\t\t\t<div class=\"elementor-widget-container\">\n\t\t\t\t\t\t\t<div class=\"elementor-shortcode\"><div id=\"tdi_1\" class=\"tdc-zone\"><div class=\"tdc_zone tdi_2  wpb_row td-pb-row\"  >\n<style scoped>\n\/* custom css - generated by TagDiv Composer *\/\n\n\/* custom css - generated by TagDiv Composer *\/\n\/* custom css - generated by TagDiv Composer *\/\n.tdi_2{\r\n                    min-height: 0;\r\n                }\n<\/style><\/div><\/div><div id=\"tdi_3\" class=\"tdc-row stretch_row_1400 td-stretch-content\"><div class=\"vc_row tdi_4  wpb_row td-pb-row tdc-element-style\" >\n<style scoped>\n\/* custom css - generated by TagDiv Composer *\/\n\n\/* custom css - generated by TagDiv Composer *\/\n\/* custom css - generated by TagDiv Composer *\/\n.tdi_4,\r\n                .tdi_4 .tdc-columns{\r\n                    min-height: 0;\r\n                }.tdi_4 > .td-element-style:after{\r\n                    content: '' !important;\r\n                    width: 100% !important;\r\n                    height: 100% !important;\r\n                    position: absolute !important;\r\n                    top: 0 !important;\r\n                    left: 0 !important;\r\n                    z-index: 0 !important;\r\n                    display: block !important;\r\n                    background-color: #146478 !important;\r\n                }.tdi_4,\r\n\t\t\t\t.tdi_4 .tdc-columns{\r\n\t\t\t\t    display: block;\r\n\t\t\t\t}.tdi_4 .tdc-columns{\r\n\t\t\t\t    width: 100%;\r\n\t\t\t\t}\n\/* inline tdc_css att - generated by TagDiv Composer *\/\n\n.tdi_4{\npadding-top:20px !important;\npadding-bottom:20px !important;\n}\n\n.tdi_4 .td_block_wrap{ text-align:left }\n\n<\/style>\n<div class=\"tdi_3_rand_style td-element-style\" ><\/div><\/div><\/div><\/div>\n\t\t\t\t\t\t<\/div>\n\t\t\t\t<\/div>\n\t\t\t\t\t<\/div>\n\t\t<\/div>\n\t\t\t\t\t<\/div>\n\t\t<\/section>\n\t\t\t\t<section class=\"elementor-section elementor-top-section elementor-element elementor-element-3b534e5e elementor-section-boxed elementor-section-height-default elementor-section-height-default\" data-id=\"3b534e5e\" data-element_type=\"section\">\n\t\t\t\t\t\t<div class=\"elementor-container elementor-column-gap-default\">\n\t\t\t\t\t<div class=\"elementor-column elementor-col-100 elementor-top-column elementor-element elementor-element-39a83ea\" data-id=\"39a83ea\" data-element_type=\"column\" data-settings=\"{&quot;background_background&quot;:&quot;classic&quot;}\">\n\t\t\t<div class=\"elementor-widget-wrap elementor-element-populated\">\n\t\t\t\t\t\t<div class=\"elementor-element elementor-element-2c4bb708 elementor-widget elementor-widget-heading\" data-id=\"2c4bb708\" data-element_type=\"widget\" data-widget_type=\"heading.default\">\n\t\t\t\t<div class=\"elementor-widget-container\">\n\t\t\t\t\t<p class=\"elementor-heading-title elementor-size-default\">  <\/p>\t\t\t\t<\/div>\n\t\t\t\t<\/div>\n\t\t\t\t\t<\/div>\n\t\t<\/div>\n\t\t\t\t\t<\/div>\n\t\t<\/section>\n\t\t\t\t<section class=\"elementor-section elementor-top-section elementor-element elementor-element-31e82e82 elementor-section-boxed elementor-section-height-default elementor-section-height-default\" data-id=\"31e82e82\" data-element_type=\"section\">\n\t\t\t\t\t\t<div class=\"elementor-container elementor-column-gap-default\">\n\t\t\t\t\t<div class=\"elementor-column elementor-col-50 elementor-top-column elementor-element elementor-element-8aba13f\" data-id=\"8aba13f\" data-element_type=\"column\" data-settings=\"{&quot;background_background&quot;:&quot;classic&quot;}\">\n\t\t\t<div class=\"elementor-widget-wrap elementor-element-populated\">\n\t\t\t\t\t\t<div class=\"elementor-element elementor-element-6d28e304 elementor-widget__width-initial elementor-widget elementor-widget-image\" data-id=\"6d28e304\" data-element_type=\"widget\" data-widget_type=\"image.default\">\n\t\t\t\t<div class=\"elementor-widget-container\">\n\t\t\t\t\t\t\t\t\t\t\t\t\t\t\t<img decoding=\"async\" src=\"https:\/\/shopsplusproject.org\/wp-content\/uploads\/elementor\/thumbs\/Monika-Schneider-qmxnrllcg6qta0lwmztfuu1py40civr9pxd974tgpc.png\" title=\"Monika Schneider\" alt=\"Monika Schneider\" loading=\"lazy\" \/>\t\t\t\t\t\t\t\t\t\t\t\t\t\t\t<\/div>\n\t\t\t\t<\/div>\n\t\t\t\t<div class=\"elementor-element elementor-element-4841471d elementor-widget elementor-widget-heading\" data-id=\"4841471d\" data-element_type=\"widget\" data-widget_type=\"heading.default\">\n\t\t\t\t<div class=\"elementor-widget-container\">\n\t\t\t\t\t<h1 class=\"elementor-heading-title elementor-size-medium\">Monika Schneider<\/h1>\t\t\t\t<\/div>\n\t\t\t\t<\/div>\n\t\t\t\t<div class=\"elementor-element elementor-element-16b060bb elementor-widget elementor-widget-heading\" data-id=\"16b060bb\" data-element_type=\"widget\" data-widget_type=\"heading.default\">\n\t\t\t\t<div class=\"elementor-widget-container\">\n\t\t\t\t\t<div class=\"elementor-heading-title elementor-size-medium\">Betreut den Bereich \"Produkttests\" <\/div>\t\t\t\t<\/div>\n\t\t\t\t<\/div>\n\t\t\t\t<div class=\"elementor-element elementor-element-13e950a elementor-widget-divider--view-line elementor-widget elementor-widget-divider\" data-id=\"13e950a\" data-element_type=\"widget\" data-widget_type=\"divider.default\">\n\t\t\t\t<div class=\"elementor-widget-container\">\n\t\t\t\t\t\t\t<div class=\"elementor-divider\">\n\t\t\t<span class=\"elementor-divider-separator\">\n\t\t\t\t\t\t<\/span>\n\t\t<\/div>\n\t\t\t\t\t\t<\/div>\n\t\t\t\t<\/div>\n\t\t\t\t<div class=\"elementor-element elementor-element-436a9aa elementor-shape-rounded elementor-grid-0 e-grid-align-center elementor-widget elementor-widget-social-icons\" data-id=\"436a9aa\" data-element_type=\"widget\" data-widget_type=\"social-icons.default\">\n\t\t\t\t<div class=\"elementor-widget-container\">\n\t\t\t\t\t\t\t<div class=\"elementor-social-icons-wrapper elementor-grid\">\n\t\t\t\t\t\t\t<span class=\"elementor-grid-item\">\n\t\t\t\t\t<a class=\"elementor-icon elementor-social-icon elementor-social-icon-linkedin elementor-repeater-item-5aebc97\" href=\"#\" target=\"_blank\" rel=\"nofollow\">\n\t\t\t\t\t\t<span class=\"elementor-screen-only\">Linkedin<\/span>\n\t\t\t\t\t\t<i class=\"fab fa-linkedin\"><\/i>\t\t\t\t\t<\/a>\n\t\t\t\t<\/span>\n\t\t\t\t\t<\/div>\n\t\t\t\t\t\t<\/div>\n\t\t\t\t<\/div>\n\t\t\t\t\t<\/div>\n\t\t<\/div>\n\t\t\t\t<div class=\"elementor-column elementor-col-50 elementor-top-column elementor-element elementor-element-74f12ef4\" data-id=\"74f12ef4\" data-element_type=\"column\" data-settings=\"{&quot;background_background&quot;:&quot;classic&quot;}\">\n\t\t\t<div class=\"elementor-widget-wrap elementor-element-populated\">\n\t\t\t\t\t\t<div class=\"elementor-element elementor-element-5cca0846 elementor-widget elementor-widget-heading\" data-id=\"5cca0846\" data-element_type=\"widget\" data-widget_type=\"heading.default\">\n\t\t\t\t<div class=\"elementor-widget-container\">\n\t\t\t\t\t<h2 class=\"elementor-heading-title elementor-size-default\">\u00dcber den Autor:<\/h2>\t\t\t\t<\/div>\n\t\t\t\t<\/div>\n\t\t\t\t<div class=\"elementor-element elementor-element-6a41acd6 elementor-widget__width-initial elementor-widget elementor-widget-text-editor\" data-id=\"6a41acd6\" data-element_type=\"widget\" data-widget_type=\"text-editor.default\">\n\t\t\t\t<div class=\"elementor-widget-container\">\n\t\t\t\t\t\t\t\t\t<p>Als Expertin f\u00fcr Drogerieprodukte und Alltagsgegenst\u00e4nde setzt Monika Schneider ihr Fachwissen ein, um das passende Produkt f\u00fcr individuelle Bed\u00fcrfnisse zu finden. Monikas Erfahrung in der Branche f\u00fcr Testberichte hat ihr geholfen, ein geschultes Auge f\u00fcr qualitativ hochwertige Produkte zu entwickeln. Als Autorin nimmt sie sich die Zeit, Produkte gr\u00fcndlich zu vergleichen und zu bewerten. So kann sie den Leserinnen und Lesern in Ratgebern und Vergleichen verl\u00e4ssliche Empfehlungen geben.<\/p>\t\t\t\t\t\t\t\t<\/div>\n\t\t\t\t<\/div>\n\t\t\t\t<div class=\"elementor-element elementor-element-6be3e7b4 elementor-widget elementor-widget-wp-widget-td_block_12_widget\" data-id=\"6be3e7b4\" data-element_type=\"widget\" data-widget_type=\"wp-widget-td_block_12_widget.default\">\n\t\t\t\t<div class=\"elementor-widget-container\">\n\t\t\t\t\t<div class=\"td_block_wrap td_block_12 td_block_widget tdi_5 td_with_ajax_pagination td-pb-border-top td_block_template_1 tdc-no-posts td-column-1\"  data-td-block-uid=\"tdi_5\" >\n<style>\n\/* custom css - generated by TagDiv Composer *\/\n\n<\/style>\n<style>\n\/* custom css - generated by TagDiv Composer *\/\n\/* custom css - generated by TagDiv Composer *\/\n\n<\/style><script>var block_tdi_5 = new tdBlock();\nblock_tdi_5.id = \"tdi_5\";\nblock_tdi_5.atts = '{\"custom_title\":\"Beitr\\u00e4ge von Monika Schneider\",\"custom_url\":\"\",\"block_template_id\":\"\",\"m11_tl\":\"\",\"m11_el\":\"\",\"post_ids\":\"\",\"category_id\":\"\",\"taxonomies\":\"\",\"category_ids\":\"\",\"tag_slug\":\"\",\"autors_id\":\"266\",\"installed_post_types\":\"\",\"include_cf_posts\":\"\",\"exclude_cf_posts\":\"\",\"sort\":\"\",\"linked_posts\":\"\",\"limit\":\"5\",\"offset\":\"\",\"time_ago_add_txt\":\"ago\",\"el_class\":\"\",\"td_ajax_filter_type\":\"\",\"td_ajax_filter_ids\":\"\",\"td_filter_default_txt\":\"All\",\"td_ajax_preloading\":\"\",\"ajax_pagination\":\"load_more\",\"ajax_pagination_infinite_stop\":\"\",\"header_color\":\"#\",\"header_text_color\":\"#\",\"accent_text_color\":\"#\",\"class\":\"td_block_widget tdi_5\",\"block_type\":\"td_block_12\",\"separator\":\"\",\"in_all_terms\":\"\",\"popular_by_date\":\"\",\"favourite_only\":\"\",\"open_in_new_window\":\"\",\"show_modified_date\":\"\",\"time_ago\":\"\",\"time_ago_txt_pos\":\"\",\"review_source\":\"\",\"f_header_font_header\":\"\",\"f_header_font_title\":\"Block header\",\"f_header_font_settings\":\"\",\"f_header_font_family\":\"\",\"f_header_font_size\":\"\",\"f_header_font_line_height\":\"\",\"f_header_font_style\":\"\",\"f_header_font_weight\":\"\",\"f_header_font_transform\":\"\",\"f_header_font_spacing\":\"\",\"f_header_\":\"\",\"f_ajax_font_title\":\"Ajax categories\",\"f_ajax_font_settings\":\"\",\"f_ajax_font_family\":\"\",\"f_ajax_font_size\":\"\",\"f_ajax_font_line_height\":\"\",\"f_ajax_font_style\":\"\",\"f_ajax_font_weight\":\"\",\"f_ajax_font_transform\":\"\",\"f_ajax_font_spacing\":\"\",\"f_ajax_\":\"\",\"f_more_font_title\":\"Load more button\",\"f_more_font_settings\":\"\",\"f_more_font_family\":\"\",\"f_more_font_size\":\"\",\"f_more_font_line_height\":\"\",\"f_more_font_style\":\"\",\"f_more_font_weight\":\"\",\"f_more_font_transform\":\"\",\"f_more_font_spacing\":\"\",\"f_more_\":\"\",\"m11f_title_font_header\":\"\",\"m11f_title_font_title\":\"Article title\",\"m11f_title_font_settings\":\"\",\"m11f_title_font_family\":\"\",\"m11f_title_font_size\":\"\",\"m11f_title_font_line_height\":\"\",\"m11f_title_font_style\":\"\",\"m11f_title_font_weight\":\"\",\"m11f_title_font_transform\":\"\",\"m11f_title_font_spacing\":\"\",\"m11f_title_\":\"\",\"m11f_cat_font_title\":\"Article category tag\",\"m11f_cat_font_settings\":\"\",\"m11f_cat_font_family\":\"\",\"m11f_cat_font_size\":\"\",\"m11f_cat_font_line_height\":\"\",\"m11f_cat_font_style\":\"\",\"m11f_cat_font_weight\":\"\",\"m11f_cat_font_transform\":\"\",\"m11f_cat_font_spacing\":\"\",\"m11f_cat_\":\"\",\"m11f_meta_font_title\":\"Article meta info\",\"m11f_meta_font_settings\":\"\",\"m11f_meta_font_family\":\"\",\"m11f_meta_font_size\":\"\",\"m11f_meta_font_line_height\":\"\",\"m11f_meta_font_style\":\"\",\"m11f_meta_font_weight\":\"\",\"m11f_meta_font_transform\":\"\",\"m11f_meta_font_spacing\":\"\",\"m11f_meta_\":\"\",\"m11f_ex_font_title\":\"Article excerpt\",\"m11f_ex_font_settings\":\"\",\"m11f_ex_font_family\":\"\",\"m11f_ex_font_size\":\"\",\"m11f_ex_font_line_height\":\"\",\"m11f_ex_font_style\":\"\",\"m11f_ex_font_weight\":\"\",\"m11f_ex_font_transform\":\"\",\"m11f_ex_font_spacing\":\"\",\"m11f_ex_\":\"\",\"m11f_btn_font_title\":\"Article read more button\",\"m11f_btn_font_settings\":\"\",\"m11f_btn_font_family\":\"\",\"m11f_btn_font_size\":\"\",\"m11f_btn_font_line_height\":\"\",\"m11f_btn_font_style\":\"\",\"m11f_btn_font_weight\":\"\",\"m11f_btn_font_transform\":\"\",\"m11f_btn_font_spacing\":\"\",\"m11f_btn_\":\"\",\"ajax_pagination_next_prev_swipe\":\"\",\"css\":\"\",\"tdc_css\":\"\",\"td_column_number\":1,\"color_preset\":\"\",\"border_top\":\"\",\"tdc_css_class\":\"tdi_5\",\"tdc_css_class_style\":\"tdi_5_rand_style\"}';\nblock_tdi_5.td_column_number = \"1\";\nblock_tdi_5.block_type = \"td_block_12\";\nblock_tdi_5.post_count = \"0\";\nblock_tdi_5.found_posts = \"0\";\nblock_tdi_5.header_color = \"#\";\nblock_tdi_5.ajax_pagination_infinite_stop = \"\";\nblock_tdi_5.max_num_pages = \"0\";\ntdBlocksArray.push(block_tdi_5);\n<\/script><div class=\"td-block-title-wrap\"><h4 class=\"block-title td-block-title\"><span class=\"td-pulldown-size\">Beitr\u00e4ge von Monika Schneider<\/span><\/h4><\/div><div id=tdi_5 class=\"td_block_inner\"><\/div><\/div> <!-- .\/block -->\t\t\t\t<\/div>\n\t\t\t\t<\/div>\n\t\t\t\t\t<\/div>\n\t\t<\/div>\n\t\t\t\t\t<\/div>\n\t\t<\/section>\n\t\t\t\t<\/div>\n\t\t","protected":false},"excerpt":{"rendered":"<p>Monika Schneider Betreut den Bereich &#8222;Produkttests&#8220; Linkedin \u00dcber den Autor: Als Expertin f\u00fcr Drogerieprodukte und Alltagsgegenst\u00e4nde setzt Monika Schneider ihr Fachwissen ein, um das passende Produkt f\u00fcr individuelle Bed\u00fcrfnisse zu finden. Monikas Erfahrung in der Branche f\u00fcr Testberichte hat ihr geholfen, ein geschultes Auge f\u00fcr qualitativ hochwertige Produkte zu entwickeln. Als Autorin nimmt sie sich [&hellip;]<\/p>\n","protected":false},"author":3,"featured_media":0,"parent":0,"menu_order":0,"comment_status":"closed","ping_status":"closed","template":"","meta":{"footnotes":""},"class_list":["post-157701","page","type-page","status-publish"],"yoast_head":"<!-- This site is optimized with the Yoast SEO plugin v24.2 - https:\/\/yoast.com\/wordpress\/plugins\/seo\/ -->\n<title>Monika Schneider - SHOPS Plus<\/title>\n<meta name=\"robots\" content=\"index, follow, max-snippet:-1, max-image-preview:large, max-video-preview:-1\" \/>\n<link rel=\"canonical\" href=\"https:\/\/shopsplusproject.org\/de\/authors\/monika-schneider\" \/>\n<meta property=\"og:locale\" content=\"de_DE\" \/>\n<meta property=\"og:type\" content=\"article\" \/>\n<meta property=\"og:title\" content=\"Monika Schneider - SHOPS Plus\" \/>\n<meta property=\"og:description\" content=\"Monika Schneider Betreut den Bereich &#8222;Produkttests&#8220; Linkedin \u00dcber den Autor: Als Expertin f\u00fcr Drogerieprodukte und Alltagsgegenst\u00e4nde setzt Monika Schneider ihr Fachwissen ein, um das passende Produkt f\u00fcr individuelle Bed\u00fcrfnisse zu finden. Monikas Erfahrung in der Branche f\u00fcr Testberichte hat ihr geholfen, ein geschultes Auge f\u00fcr qualitativ hochwertige Produkte zu entwickeln. Als Autorin nimmt sie sich [&hellip;]\" \/>\n<meta property=\"og:url\" content=\"https:\/\/shopsplusproject.org\/de\/authors\/monika-schneider\" \/>\n<meta property=\"og:site_name\" content=\"SHOPS Plus\" \/>\n<meta property=\"article:publisher\" content=\"https:\/\/www.facebook.com\/SHOPSPlus\" \/>\n<meta property=\"article:modified_time\" content=\"2024-04-12T17:33:19+00:00\" \/>\n<meta property=\"og:image\" content=\"https:\/\/shopsplusproject.org\/wp-content\/uploads\/elementor\/thumbs\/Monika-Schneider-qmlwd13tvktendagjb6ja8s24ooxfttc27q5b94lao.png\" \/>\n<meta name=\"twitter:card\" content=\"summary_large_image\" \/>\n<meta name=\"twitter:site\" content=\"@ShopsPlus\" \/>\n<meta name=\"twitter:label1\" content=\"Gesch\u00e4tzte Lesezeit\" \/>\n\t<meta name=\"twitter:data1\" content=\"1\u00a0Minute\" \/>\n<script type=\"application\/ld+json\" class=\"yoast-schema-graph\">{\"@context\":\"https:\/\/schema.org\",\"@graph\":[{\"@type\":\"WebPage\",\"@id\":\"https:\/\/shopsplusproject.org\/de\/authors\/monika-schneider\",\"url\":\"https:\/\/shopsplusproject.org\/de\/authors\/monika-schneider\",\"name\":\"Monika Schneider - SHOPS Plus\",\"isPartOf\":{\"@id\":\"https:\/\/shopsplusproject.org\/#website\"},\"primaryImageOfPage\":{\"@id\":\"https:\/\/shopsplusproject.org\/de\/authors\/monika-schneider#primaryimage\"},\"image\":{\"@id\":\"https:\/\/shopsplusproject.org\/de\/authors\/monika-schneider#primaryimage\"},\"thumbnailUrl\":\"https:\/\/shopsplusproject.org\/wp-content\/uploads\/elementor\/thumbs\/Monika-Schneider-qmlwd13tvktendagjb6ja8s24ooxfttc27q5b94lao.png\",\"datePublished\":\"2024-02-27T09:50:30+00:00\",\"dateModified\":\"2024-04-12T17:33:19+00:00\",\"breadcrumb\":{\"@id\":\"https:\/\/shopsplusproject.org\/de\/authors\/monika-schneider#breadcrumb\"},\"inLanguage\":\"de\",\"potentialAction\":[{\"@type\":\"ReadAction\",\"target\":[\"https:\/\/shopsplusproject.org\/de\/authors\/monika-schneider\"]}]},{\"@type\":\"ImageObject\",\"inLanguage\":\"de\",\"@id\":\"https:\/\/shopsplusproject.org\/de\/authors\/monika-schneider#primaryimage\",\"url\":\"https:\/\/shopsplusproject.org\/wp-content\/uploads\/elementor\/thumbs\/Monika-Schneider-qmlwd13tvktendagjb6ja8s24ooxfttc27q5b94lao.png\",\"contentUrl\":\"https:\/\/shopsplusproject.org\/wp-content\/uploads\/elementor\/thumbs\/Monika-Schneider-qmlwd13tvktendagjb6ja8s24ooxfttc27q5b94lao.png\"},{\"@type\":\"BreadcrumbList\",\"@id\":\"https:\/\/shopsplusproject.org\/de\/authors\/monika-schneider#breadcrumb\",\"itemListElement\":[{\"@type\":\"ListItem\",\"position\":1,\"name\":\"Home\",\"item\":\"https:\/\/shopsplusproject.org\/\"},{\"@type\":\"ListItem\",\"position\":2,\"name\":\"Monika Schneider\"}]},{\"@type\":\"WebSite\",\"@id\":\"https:\/\/shopsplusproject.org\/#website\",\"url\":\"https:\/\/shopsplusproject.org\/\",\"name\":\"Sustaining Health Outcomes through the Private Sector (SHOPS) Plus\",\"description\":\"Sustaining Health Outcomes through the Private Sector (SHOPS) Plus is USAID\u2019s flagship initiative in private sector health.\",\"publisher\":{\"@id\":\"https:\/\/shopsplusproject.org\/#organization\"},\"alternateName\":\"SHOPS Plus\",\"potentialAction\":[{\"@type\":\"SearchAction\",\"target\":{\"@type\":\"EntryPoint\",\"urlTemplate\":\"https:\/\/shopsplusproject.org\/?s={search_term_string}\"},\"query-input\":{\"@type\":\"PropertyValueSpecification\",\"valueRequired\":true,\"valueName\":\"search_term_string\"}}],\"inLanguage\":\"de\"},{\"@type\":\"Organization\",\"@id\":\"https:\/\/shopsplusproject.org\/#organization\",\"name\":\"Sustaining Health Outcomes through the Private Sector (SHOPS) Plus\",\"alternateName\":\"SHOPS Plus\",\"url\":\"https:\/\/shopsplusproject.org\/\",\"logo\":{\"@type\":\"ImageObject\",\"inLanguage\":\"de\",\"@id\":\"https:\/\/shopsplusproject.org\/#\/schema\/logo\/image\/\",\"url\":\"https:\/\/shopsplusproject.org\/wp-content\/uploads\/2024\/04\/logo-SHOPS-Plus.png\",\"contentUrl\":\"https:\/\/shopsplusproject.org\/wp-content\/uploads\/2024\/04\/logo-SHOPS-Plus.png\",\"width\":1148,\"height\":291,\"caption\":\"Sustaining Health Outcomes through the Private Sector (SHOPS) Plus\"},\"image\":{\"@id\":\"https:\/\/shopsplusproject.org\/#\/schema\/logo\/image\/\"},\"sameAs\":[\"https:\/\/www.facebook.com\/SHOPSPlus\",\"https:\/\/x.com\/ShopsPlus\",\"https:\/\/www.youtube.com\/channel\/UCJkjnVPuFBVCJDWmLMv15NQ\"]}]}<\/script>\n<!-- \/ Yoast SEO plugin. -->","yoast_head_json":{"title":"Monika Schneider - SHOPS Plus","robots":{"index":"index","follow":"follow","max-snippet":"max-snippet:-1","max-image-preview":"max-image-preview:large","max-video-preview":"max-video-preview:-1"},"canonical":"https:\/\/shopsplusproject.org\/de\/authors\/monika-schneider","og_locale":"de_DE","og_type":"article","og_title":"Monika Schneider - SHOPS Plus","og_description":"Monika Schneider Betreut den Bereich &#8222;Produkttests&#8220; Linkedin \u00dcber den Autor: Als Expertin f\u00fcr Drogerieprodukte und Alltagsgegenst\u00e4nde setzt Monika Schneider ihr Fachwissen ein, um das passende Produkt f\u00fcr individuelle Bed\u00fcrfnisse zu finden. Monikas Erfahrung in der Branche f\u00fcr Testberichte hat ihr geholfen, ein geschultes Auge f\u00fcr qualitativ hochwertige Produkte zu entwickeln. Als Autorin nimmt sie sich [&hellip;]","og_url":"https:\/\/shopsplusproject.org\/de\/authors\/monika-schneider","og_site_name":"SHOPS Plus","article_publisher":"https:\/\/www.facebook.com\/SHOPSPlus","article_modified_time":"2024-04-12T17:33:19+00:00","og_image":[{"url":"https:\/\/shopsplusproject.org\/wp-content\/uploads\/elementor\/thumbs\/Monika-Schneider-qmlwd13tvktendagjb6ja8s24ooxfttc27q5b94lao.png","type":"","width":"","height":""}],"twitter_card":"summary_large_image","twitter_site":"@ShopsPlus","twitter_misc":{"Gesch\u00e4tzte Lesezeit":"1\u00a0Minute"},"schema":{"@context":"https:\/\/schema.org","@graph":[{"@type":"WebPage","@id":"https:\/\/shopsplusproject.org\/de\/authors\/monika-schneider","url":"https:\/\/shopsplusproject.org\/de\/authors\/monika-schneider","name":"Monika Schneider - SHOPS Plus","isPartOf":{"@id":"https:\/\/shopsplusproject.org\/#website"},"primaryImageOfPage":{"@id":"https:\/\/shopsplusproject.org\/de\/authors\/monika-schneider#primaryimage"},"image":{"@id":"https:\/\/shopsplusproject.org\/de\/authors\/monika-schneider#primaryimage"},"thumbnailUrl":"https:\/\/shopsplusproject.org\/wp-content\/uploads\/elementor\/thumbs\/Monika-Schneider-qmlwd13tvktendagjb6ja8s24ooxfttc27q5b94lao.png","datePublished":"2024-02-27T09:50:30+00:00","dateModified":"2024-04-12T17:33:19+00:00","breadcrumb":{"@id":"https:\/\/shopsplusproject.org\/de\/authors\/monika-schneider#breadcrumb"},"inLanguage":"de","potentialAction":[{"@type":"ReadAction","target":["https:\/\/shopsplusproject.org\/de\/authors\/monika-schneider"]}]},{"@type":"ImageObject","inLanguage":"de","@id":"https:\/\/shopsplusproject.org\/de\/authors\/monika-schneider#primaryimage","url":"https:\/\/shopsplusproject.org\/wp-content\/uploads\/elementor\/thumbs\/Monika-Schneider-qmlwd13tvktendagjb6ja8s24ooxfttc27q5b94lao.png","contentUrl":"https:\/\/shopsplusproject.org\/wp-content\/uploads\/elementor\/thumbs\/Monika-Schneider-qmlwd13tvktendagjb6ja8s24ooxfttc27q5b94lao.png"},{"@type":"BreadcrumbList","@id":"https:\/\/shopsplusproject.org\/de\/authors\/monika-schneider#breadcrumb","itemListElement":[{"@type":"ListItem","position":1,"name":"Home","item":"https:\/\/shopsplusproject.org\/"},{"@type":"ListItem","position":2,"name":"Monika Schneider"}]},{"@type":"WebSite","@id":"https:\/\/shopsplusproject.org\/#website","url":"https:\/\/shopsplusproject.org\/","name":"Sustaining Health Outcomes through the Private Sector (SHOPS) Plus","description":"Sustaining Health Outcomes through the Private Sector (SHOPS) Plus is USAID\u2019s flagship initiative in private sector health.","publisher":{"@id":"https:\/\/shopsplusproject.org\/#organization"},"alternateName":"SHOPS Plus","potentialAction":[{"@type":"SearchAction","target":{"@type":"EntryPoint","urlTemplate":"https:\/\/shopsplusproject.org\/?s={search_term_string}"},"query-input":{"@type":"PropertyValueSpecification","valueRequired":true,"valueName":"search_term_string"}}],"inLanguage":"de"},{"@type":"Organization","@id":"https:\/\/shopsplusproject.org\/#organization","name":"Sustaining Health Outcomes through the Private Sector (SHOPS) Plus","alternateName":"SHOPS Plus","url":"https:\/\/shopsplusproject.org\/","logo":{"@type":"ImageObject","inLanguage":"de","@id":"https:\/\/shopsplusproject.org\/#\/schema\/logo\/image\/","url":"https:\/\/shopsplusproject.org\/wp-content\/uploads\/2024\/04\/logo-SHOPS-Plus.png","contentUrl":"https:\/\/shopsplusproject.org\/wp-content\/uploads\/2024\/04\/logo-SHOPS-Plus.png","width":1148,"height":291,"caption":"Sustaining Health Outcomes through the Private Sector (SHOPS) Plus"},"image":{"@id":"https:\/\/shopsplusproject.org\/#\/schema\/logo\/image\/"},"sameAs":["https:\/\/www.facebook.com\/SHOPSPlus","https:\/\/x.com\/ShopsPlus","https:\/\/www.youtube.com\/channel\/UCJkjnVPuFBVCJDWmLMv15NQ"]}]}},"_links":{"self":[{"href":"https:\/\/shopsplusproject.org\/de\/wp-json\/wp\/v2\/pages\/157701","targetHints":{"allow":["GET"]}}],"collection":[{"href":"https:\/\/shopsplusproject.org\/de\/wp-json\/wp\/v2\/pages"}],"about":[{"href":"https:\/\/shopsplusproject.org\/de\/wp-json\/wp\/v2\/types\/page"}],"author":[{"embeddable":true,"href":"https:\/\/shopsplusproject.org\/de\/wp-json\/wp\/v2\/users\/3"}],"replies":[{"embeddable":true,"href":"https:\/\/shopsplusproject.org\/de\/wp-json\/wp\/v2\/comments?post=157701"}],"version-history":[{"count":0,"href":"https:\/\/shopsplusproject.org\/de\/wp-json\/wp\/v2\/pages\/157701\/revisions"}],"wp:attachment":[{"href":"https:\/\/shopsplusproject.org\/de\/wp-json\/wp\/v2\/media?parent=157701"}],"curies":[{"name":"wp","href":"https:\/\/api.w.org\/{rel}","templated":true}]}}