{"id":157264,"date":"2024-02-24T11:41:48","date_gmt":"2024-02-24T11:41:48","guid":{"rendered":"https:\/\/clic-ctsa.org\/?page_id=157264"},"modified":"2024-04-12T17:25:55","modified_gmt":"2024-04-12T17:25:55","slug":"impressum","status":"publish","type":"page","link":"https:\/\/shopsplusproject.org\/de\/impressum","title":{"rendered":"Impressum"},"content":{"rendered":"\t\t<div data-elementor-type=\"wp-page\" data-elementor-id=\"157264\" class=\"elementor elementor-157264\">\n\t\t\t\t\t\t<section class=\"elementor-section elementor-top-section elementor-element elementor-element-122616 elementor-section-boxed elementor-section-height-default elementor-section-height-default\" data-id=\"122616\" data-element_type=\"section\">\n\t\t\t\t\t\t<div class=\"elementor-container elementor-column-gap-default\">\n\t\t\t\t\t<div class=\"elementor-column elementor-col-100 elementor-top-column elementor-element elementor-element-349dc41b\" data-id=\"349dc41b\" data-element_type=\"column\">\n\t\t\t<div class=\"elementor-widget-wrap elementor-element-populated\">\n\t\t\t\t\t\t<div class=\"elementor-element elementor-element-59d0bb67 elementor-widget elementor-widget-shortcode\" data-id=\"59d0bb67\" data-element_type=\"widget\" data-widget_type=\"shortcode.default\">\n\t\t\t\t<div class=\"elementor-widget-container\">\n\t\t\t\t\t\t\t<div class=\"elementor-shortcode\"><div id=\"tdi_1\" class=\"tdc-zone\"><div class=\"tdc_zone tdi_2  wpb_row td-pb-row\"  >\n<style scoped>\n\/* custom css - generated by TagDiv Composer *\/\n\n\/* custom css - generated by TagDiv Composer *\/\n\/* custom css - generated by TagDiv Composer *\/\n.tdi_2{\r\n                    min-height: 0;\r\n                }\n<\/style><\/div><\/div><div id=\"tdi_3\" class=\"tdc-row stretch_row_1400 td-stretch-content\"><div class=\"vc_row tdi_4  wpb_row td-pb-row tdc-element-style\" >\n<style scoped>\n\/* custom css - generated by TagDiv Composer *\/\n\n\/* custom css - generated by TagDiv Composer *\/\n\/* custom css - generated by TagDiv Composer *\/\n.tdi_4,\r\n                .tdi_4 .tdc-columns{\r\n                    min-height: 0;\r\n                }.tdi_4 > .td-element-style:after{\r\n                    content: '' !important;\r\n                    width: 100% !important;\r\n                    height: 100% !important;\r\n                    position: absolute !important;\r\n                    top: 0 !important;\r\n                    left: 0 !important;\r\n                    z-index: 0 !important;\r\n                    display: block !important;\r\n                    background-color: #146478 !important;\r\n                }.tdi_4,\r\n\t\t\t\t.tdi_4 .tdc-columns{\r\n\t\t\t\t    display: block;\r\n\t\t\t\t}.tdi_4 .tdc-columns{\r\n\t\t\t\t    width: 100%;\r\n\t\t\t\t}\n\/* inline tdc_css att - generated by TagDiv Composer *\/\n\n.tdi_4{\npadding-top:20px !important;\npadding-bottom:20px !important;\n}\n\n.tdi_4 .td_block_wrap{ text-align:left }\n\n<\/style>\n<div class=\"tdi_3_rand_style td-element-style\" ><\/div><\/div><\/div><\/div>\n\t\t\t\t\t\t<\/div>\n\t\t\t\t<\/div>\n\t\t\t\t\t<\/div>\n\t\t<\/div>\n\t\t\t\t\t<\/div>\n\t\t<\/section>\n\t\t\t\t<section class=\"elementor-section elementor-top-section elementor-element elementor-element-600fc953 elementor-section-boxed elementor-section-height-default elementor-section-height-default\" data-id=\"600fc953\" data-element_type=\"section\">\n\t\t\t\t\t\t<div class=\"elementor-container elementor-column-gap-default\">\n\t\t\t\t\t<div class=\"elementor-column elementor-col-100 elementor-top-column elementor-element elementor-element-7d73a1b2\" data-id=\"7d73a1b2\" data-element_type=\"column\">\n\t\t\t<div class=\"elementor-widget-wrap elementor-element-populated\">\n\t\t\t\t\t\t<div class=\"elementor-element elementor-element-3aaaca5c elementor-widget elementor-widget-text-editor\" data-id=\"3aaaca5c\" data-element_type=\"widget\" data-widget_type=\"text-editor.default\">\n\t\t\t\t<div class=\"elementor-widget-container\">\n\t\t\t\t\t\t\t\t\t\n<h2 class=\"wp-block-heading\">Angaben gem\u00e4\u00df \u00a7 5 TMG:<\/h2>\n\n<p>SHOPS Plus<br \/>Francis Rachel Street Suite 20 <br \/>0000 Victoria Mahe Seychellen <br \/>E-mail: contact(\u00e4t)shopsplusproject.org<\/p>\n\n<h2 class=\"wp-block-heading\" id=\"section-disclaimer-text\">Verantwortlich f\u00fcr den Inhalt nach \u00a7 55 Abs. 2 RStV:<\/h2>\n\n<p>SHOPS Plus<br \/>Francis Rachel Street Suite 20 <br \/>0000 Victoria Mahe <br \/>Seychellen<\/p>\n\n<h2 class=\"wp-block-heading\">Haftung f\u00fcr Inhalte<\/h2>\n\n<p>Die Inhalte unserer Seiten wurden mit gr\u00f6\u00dfter Sorgfalt erstellt. F\u00fcr die Richtigkeit, Vollst\u00e4ndigkeit und Aktualit\u00e4t der Inhalte k\u00f6nnen wir jedoch keine Gew\u00e4hr \u00fcbernehmen. Als Diensteanbieter sind wir gem\u00e4\u00df \u00a7 7 Abs.1 TMG f\u00fcr eigene Inhalte auf diesen Seiten nach den allgemeinen Gesetzen verantwortlich. Nach \u00a7\u00a7 8 bis 10 TMG sind wir als Diensteanbieter jedoch nicht verpflichtet, \u00fcbermittelte oder gespeicherte fremde Informationen zu \u00fcberwachen oder nach Umst\u00e4nden zu forschen, die auf eine rechtswidrige T\u00e4tigkeit hinweisen. Verpflichtungen zur Entfernung oder Sperrung der Nutzung von Informationen nach den allgemeinen Gesetzen bleiben hiervon unber\u00fchrt. Eine diesbez\u00fcgliche Haftung ist jedoch erst ab dem Zeitpunkt der Kenntnis einer konkreten Rechtsverletzung m\u00f6glich. Bei Bekanntwerden von entsprechenden Rechtsverletzungen werden wir diese Inhalte umgehend entfernen. Haftungsanspr\u00fcche gegen den Autor, welche sich auf Sch\u00e4den materieller oder ideeller Art beziehen, die durch die Nutzung oder Nichtnutzung der dargebotenen Informationen bzw. durch die Nutzung fehlerhafter und unvollst\u00e4ndiger Informationen verursacht wurden, sind grunds\u00e4tzlich ausgeschlossen, sofern seitens des Autors kein nachweislich vors\u00e4tzliches oder grob fahrl\u00e4ssiges Verschulden vorliegt. Alle Angebote sind freibleibend und unverbindlich. Der Autor beh\u00e4lt es sich ausdr\u00fccklich vor, Teile der Seiten oder das gesamte Angebot ohne gesonderte Ank\u00fcndigung zu ver\u00e4ndern, zu erg\u00e4nzen, zu l\u00f6schen oder die Ver\u00f6ffentlichung zeitweise oder endg\u00fcltig einzustellen.<\/p>\n\n<h2 class=\"wp-block-heading\">Haftung f\u00fcr Links<\/h2>\n\n<p>Unser Angebot enth\u00e4lt Links zu externen Webseiten Dritter, auf deren Inhalte wir keinen Einfluss haben. Deshalb k\u00f6nnen wir f\u00fcr diese fremden Inhalte auch keine Gew\u00e4hr \u00fcbernehmen. F\u00fcr die Inhalte der verlinkten Seiten ist stets der jeweilige Anbieter oder Betreiber der Seiten verantwortlich. Die verlinkten Seiten wurden zum Zeitpunkt der Verlinkung auf m\u00f6gliche Rechtsverst\u00f6\u00dfe \u00fcberpr\u00fcft. Rechtswidrige Inhalte waren zum Zeitpunkt der Verlinkung nicht erkennbar. Eine permanente inhaltliche Kontrolle der verlinkten Seiten ist jedoch ohne konkrete Anhaltspunkte einer Rechtsverletzung nicht zumutbar. Bei Bekanntwerden von Rechtsverletzungen werden wir derartige Links umgehend entfernen.<\/p>\n\n<h2 class=\"wp-block-heading\">Urheberrecht<\/h2>\n\n<p>Die durch die Seitenbetreiber erstellten Inhalte und Werke auf diesen Seiten unterliegen dem deutschen Urheberrecht. Die Vervielf\u00e4ltigung, Bearbeitung, Verbreitung und jede Art der Verwertung au\u00dferhalb der Grenzen des Urheberrechtes bed\u00fcrfen der schriftlichen Zustimmung des jeweiligen Autors bzw. Erstellers. Downloads und Kopien dieser Seite sind nur f\u00fcr den privaten, nicht kommerziellen Gebrauch gestattet. Soweit die Inhalte auf dieser Seite nicht vom Betreiber erstellt wurden, werden die Urheberrechte Dritter beachtet. Insbesondere werden Inhalte Dritter als solche gekennzeichnet. Sollten Sie trotzdem auf eine Urheberrechtsverletzung aufmerksam werden, bitten wir um einen entsprechenden Hinweis. Bei Bekanntwerden von Rechtsverletzungen werden wir derartige Inhalte umgehend entfernen.<\/p>\n\n<h2 class=\"wp-block-heading\">Werbepartner, Anzeigen, Werbung<\/h2>\n\n<p>Die mit Sternchen (*) gekennzeichneten Verweise sind sogenannte Provision-Links. Wenn du auf so einen Verweislink klickst und \u00fcber diesen Link einkaufst, bekomme ich von deinem Einkauf eine Provision. F\u00fcr dich ver\u00e4ndert sich der Preis nicht.<\/p>\n\t\t\t\t\t\t\t\t<\/div>\n\t\t\t\t<\/div>\n\t\t\t\t\t<\/div>\n\t\t<\/div>\n\t\t\t\t\t<\/div>\n\t\t<\/section>\n\t\t\t\t<\/div>\n\t\t","protected":false},"excerpt":{"rendered":"<p>Angaben gem\u00e4\u00df \u00a7 5 TMG: SHOPS PlusFrancis Rachel Street Suite 20 0000 Victoria Mahe Seychellen E-mail: contact(\u00e4t)shopsplusproject.org Verantwortlich f\u00fcr den Inhalt nach \u00a7 55 Abs. 2 RStV: SHOPS PlusFrancis Rachel Street Suite 20 0000 Victoria Mahe Seychellen Haftung f\u00fcr Inhalte Die Inhalte unserer Seiten wurden mit gr\u00f6\u00dfter Sorgfalt erstellt. F\u00fcr die Richtigkeit, Vollst\u00e4ndigkeit und Aktualit\u00e4t [&hellip;]<\/p>\n","protected":false},"author":3,"featured_media":0,"parent":0,"menu_order":0,"comment_status":"closed","ping_status":"closed","template":"","meta":{"footnotes":""},"class_list":["post-157264","page","type-page","status-publish"],"yoast_head":"<!-- This site is optimized with the Yoast SEO plugin v24.2 - https:\/\/yoast.com\/wordpress\/plugins\/seo\/ -->\n<title>Impressum - SHOPS Plus<\/title>\n<meta name=\"robots\" content=\"index, follow, max-snippet:-1, max-image-preview:large, max-video-preview:-1\" \/>\n<link rel=\"canonical\" href=\"https:\/\/shopsplusproject.org\/de\/impressum\" \/>\n<meta property=\"og:locale\" content=\"de_DE\" \/>\n<meta property=\"og:type\" content=\"article\" \/>\n<meta property=\"og:title\" content=\"Impressum - SHOPS Plus\" \/>\n<meta property=\"og:description\" content=\"Angaben gem\u00e4\u00df \u00a7 5 TMG: SHOPS PlusFrancis Rachel Street Suite 20 0000 Victoria Mahe Seychellen E-mail: contact(\u00e4t)shopsplusproject.org Verantwortlich f\u00fcr den Inhalt nach \u00a7 55 Abs. 2 RStV: SHOPS PlusFrancis Rachel Street Suite 20 0000 Victoria Mahe Seychellen Haftung f\u00fcr Inhalte Die Inhalte unserer Seiten wurden mit gr\u00f6\u00dfter Sorgfalt erstellt. F\u00fcr die Richtigkeit, Vollst\u00e4ndigkeit und Aktualit\u00e4t [&hellip;]\" \/>\n<meta property=\"og:url\" content=\"https:\/\/shopsplusproject.org\/de\/impressum\" \/>\n<meta property=\"og:site_name\" content=\"SHOPS Plus\" \/>\n<meta property=\"article:publisher\" content=\"https:\/\/www.facebook.com\/SHOPSPlus\" \/>\n<meta property=\"article:modified_time\" content=\"2024-04-12T17:25:55+00:00\" \/>\n<meta property=\"og:image\" content=\"https:\/\/shopsplusproject.org\/wp-content\/uploads\/2024\/04\/logo-SHOPS-Plus.png\" \/>\n\t<meta property=\"og:image:width\" content=\"1148\" \/>\n\t<meta property=\"og:image:height\" content=\"291\" \/>\n\t<meta property=\"og:image:type\" content=\"image\/png\" \/>\n<meta name=\"twitter:card\" content=\"summary_large_image\" \/>\n<meta name=\"twitter:site\" content=\"@ShopsPlus\" \/>\n<meta name=\"twitter:label1\" content=\"Gesch\u00e4tzte Lesezeit\" \/>\n\t<meta name=\"twitter:data1\" content=\"3\u00a0Minuten\" \/>\n<script type=\"application\/ld+json\" class=\"yoast-schema-graph\">{\"@context\":\"https:\/\/schema.org\",\"@graph\":[{\"@type\":\"WebPage\",\"@id\":\"https:\/\/shopsplusproject.org\/de\/impressum\",\"url\":\"https:\/\/shopsplusproject.org\/de\/impressum\",\"name\":\"Impressum - SHOPS Plus\",\"isPartOf\":{\"@id\":\"https:\/\/shopsplusproject.org\/#website\"},\"datePublished\":\"2024-02-24T11:41:48+00:00\",\"dateModified\":\"2024-04-12T17:25:55+00:00\",\"breadcrumb\":{\"@id\":\"https:\/\/shopsplusproject.org\/de\/impressum#breadcrumb\"},\"inLanguage\":\"de\",\"potentialAction\":[{\"@type\":\"ReadAction\",\"target\":[\"https:\/\/shopsplusproject.org\/de\/impressum\"]}]},{\"@type\":\"BreadcrumbList\",\"@id\":\"https:\/\/shopsplusproject.org\/de\/impressum#breadcrumb\",\"itemListElement\":[{\"@type\":\"ListItem\",\"position\":1,\"name\":\"Home\",\"item\":\"https:\/\/shopsplusproject.org\/\"},{\"@type\":\"ListItem\",\"position\":2,\"name\":\"Impressum\"}]},{\"@type\":\"WebSite\",\"@id\":\"https:\/\/shopsplusproject.org\/#website\",\"url\":\"https:\/\/shopsplusproject.org\/\",\"name\":\"Sustaining Health Outcomes through the Private Sector (SHOPS) Plus\",\"description\":\"Sustaining Health Outcomes through the Private Sector (SHOPS) Plus is USAID\u2019s flagship initiative in private sector health.\",\"publisher\":{\"@id\":\"https:\/\/shopsplusproject.org\/#organization\"},\"alternateName\":\"SHOPS Plus\",\"potentialAction\":[{\"@type\":\"SearchAction\",\"target\":{\"@type\":\"EntryPoint\",\"urlTemplate\":\"https:\/\/shopsplusproject.org\/?s={search_term_string}\"},\"query-input\":{\"@type\":\"PropertyValueSpecification\",\"valueRequired\":true,\"valueName\":\"search_term_string\"}}],\"inLanguage\":\"de\"},{\"@type\":\"Organization\",\"@id\":\"https:\/\/shopsplusproject.org\/#organization\",\"name\":\"Sustaining Health Outcomes through the Private Sector (SHOPS) Plus\",\"alternateName\":\"SHOPS Plus\",\"url\":\"https:\/\/shopsplusproject.org\/\",\"logo\":{\"@type\":\"ImageObject\",\"inLanguage\":\"de\",\"@id\":\"https:\/\/shopsplusproject.org\/#\/schema\/logo\/image\/\",\"url\":\"https:\/\/shopsplusproject.org\/wp-content\/uploads\/2024\/04\/logo-SHOPS-Plus.png\",\"contentUrl\":\"https:\/\/shopsplusproject.org\/wp-content\/uploads\/2024\/04\/logo-SHOPS-Plus.png\",\"width\":1148,\"height\":291,\"caption\":\"Sustaining Health Outcomes through the Private Sector (SHOPS) Plus\"},\"image\":{\"@id\":\"https:\/\/shopsplusproject.org\/#\/schema\/logo\/image\/\"},\"sameAs\":[\"https:\/\/www.facebook.com\/SHOPSPlus\",\"https:\/\/x.com\/ShopsPlus\",\"https:\/\/www.youtube.com\/channel\/UCJkjnVPuFBVCJDWmLMv15NQ\"]}]}<\/script>\n<!-- \/ Yoast SEO plugin. -->","yoast_head_json":{"title":"Impressum - SHOPS Plus","robots":{"index":"index","follow":"follow","max-snippet":"max-snippet:-1","max-image-preview":"max-image-preview:large","max-video-preview":"max-video-preview:-1"},"canonical":"https:\/\/shopsplusproject.org\/de\/impressum","og_locale":"de_DE","og_type":"article","og_title":"Impressum - SHOPS Plus","og_description":"Angaben gem\u00e4\u00df \u00a7 5 TMG: SHOPS PlusFrancis Rachel Street Suite 20 0000 Victoria Mahe Seychellen E-mail: contact(\u00e4t)shopsplusproject.org Verantwortlich f\u00fcr den Inhalt nach \u00a7 55 Abs. 2 RStV: SHOPS PlusFrancis Rachel Street Suite 20 0000 Victoria Mahe Seychellen Haftung f\u00fcr Inhalte Die Inhalte unserer Seiten wurden mit gr\u00f6\u00dfter Sorgfalt erstellt. F\u00fcr die Richtigkeit, Vollst\u00e4ndigkeit und Aktualit\u00e4t [&hellip;]","og_url":"https:\/\/shopsplusproject.org\/de\/impressum","og_site_name":"SHOPS Plus","article_publisher":"https:\/\/www.facebook.com\/SHOPSPlus","article_modified_time":"2024-04-12T17:25:55+00:00","og_image":[{"width":1148,"height":291,"url":"https:\/\/shopsplusproject.org\/wp-content\/uploads\/2024\/04\/logo-SHOPS-Plus.png","type":"image\/png"}],"twitter_card":"summary_large_image","twitter_site":"@ShopsPlus","twitter_misc":{"Gesch\u00e4tzte Lesezeit":"3\u00a0Minuten"},"schema":{"@context":"https:\/\/schema.org","@graph":[{"@type":"WebPage","@id":"https:\/\/shopsplusproject.org\/de\/impressum","url":"https:\/\/shopsplusproject.org\/de\/impressum","name":"Impressum - SHOPS Plus","isPartOf":{"@id":"https:\/\/shopsplusproject.org\/#website"},"datePublished":"2024-02-24T11:41:48+00:00","dateModified":"2024-04-12T17:25:55+00:00","breadcrumb":{"@id":"https:\/\/shopsplusproject.org\/de\/impressum#breadcrumb"},"inLanguage":"de","potentialAction":[{"@type":"ReadAction","target":["https:\/\/shopsplusproject.org\/de\/impressum"]}]},{"@type":"BreadcrumbList","@id":"https:\/\/shopsplusproject.org\/de\/impressum#breadcrumb","itemListElement":[{"@type":"ListItem","position":1,"name":"Home","item":"https:\/\/shopsplusproject.org\/"},{"@type":"ListItem","position":2,"name":"Impressum"}]},{"@type":"WebSite","@id":"https:\/\/shopsplusproject.org\/#website","url":"https:\/\/shopsplusproject.org\/","name":"Sustaining Health Outcomes through the Private Sector (SHOPS) Plus","description":"Sustaining Health Outcomes through the Private Sector (SHOPS) Plus is USAID\u2019s flagship initiative in private sector health.","publisher":{"@id":"https:\/\/shopsplusproject.org\/#organization"},"alternateName":"SHOPS Plus","potentialAction":[{"@type":"SearchAction","target":{"@type":"EntryPoint","urlTemplate":"https:\/\/shopsplusproject.org\/?s={search_term_string}"},"query-input":{"@type":"PropertyValueSpecification","valueRequired":true,"valueName":"search_term_string"}}],"inLanguage":"de"},{"@type":"Organization","@id":"https:\/\/shopsplusproject.org\/#organization","name":"Sustaining Health Outcomes through the Private Sector (SHOPS) Plus","alternateName":"SHOPS Plus","url":"https:\/\/shopsplusproject.org\/","logo":{"@type":"ImageObject","inLanguage":"de","@id":"https:\/\/shopsplusproject.org\/#\/schema\/logo\/image\/","url":"https:\/\/shopsplusproject.org\/wp-content\/uploads\/2024\/04\/logo-SHOPS-Plus.png","contentUrl":"https:\/\/shopsplusproject.org\/wp-content\/uploads\/2024\/04\/logo-SHOPS-Plus.png","width":1148,"height":291,"caption":"Sustaining Health Outcomes through the Private Sector (SHOPS) Plus"},"image":{"@id":"https:\/\/shopsplusproject.org\/#\/schema\/logo\/image\/"},"sameAs":["https:\/\/www.facebook.com\/SHOPSPlus","https:\/\/x.com\/ShopsPlus","https:\/\/www.youtube.com\/channel\/UCJkjnVPuFBVCJDWmLMv15NQ"]}]}},"_links":{"self":[{"href":"https:\/\/shopsplusproject.org\/de\/wp-json\/wp\/v2\/pages\/157264","targetHints":{"allow":["GET"]}}],"collection":[{"href":"https:\/\/shopsplusproject.org\/de\/wp-json\/wp\/v2\/pages"}],"about":[{"href":"https:\/\/shopsplusproject.org\/de\/wp-json\/wp\/v2\/types\/page"}],"author":[{"embeddable":true,"href":"https:\/\/shopsplusproject.org\/de\/wp-json\/wp\/v2\/users\/3"}],"replies":[{"embeddable":true,"href":"https:\/\/shopsplusproject.org\/de\/wp-json\/wp\/v2\/comments?post=157264"}],"version-history":[{"count":0,"href":"https:\/\/shopsplusproject.org\/de\/wp-json\/wp\/v2\/pages\/157264\/revisions"}],"wp:attachment":[{"href":"https:\/\/shopsplusproject.org\/de\/wp-json\/wp\/v2\/media?parent=157264"}],"curies":[{"name":"wp","href":"https:\/\/api.w.org\/{rel}","templated":true}]}}