{"id":157246,"date":"2024-02-24T11:06:51","date_gmt":"2024-02-24T11:06:51","guid":{"rendered":"https:\/\/clic-ctsa.org\/?page_id=157246"},"modified":"2024-04-12T17:24:59","modified_gmt":"2024-04-12T17:24:59","slug":"haftungsausschluss-fuer-werbung","status":"publish","type":"page","link":"https:\/\/shopsplusproject.org\/de\/haftungsausschluss-fuer-werbung","title":{"rendered":"HAFTUNGSAUSSCHLUSS F\u00dcR WERBUNG"},"content":{"rendered":"\t\t<div data-elementor-type=\"wp-page\" data-elementor-id=\"157246\" class=\"elementor elementor-157246\">\n\t\t\t\t\t\t<section class=\"elementor-section elementor-top-section elementor-element elementor-element-57af827c elementor-section-boxed elementor-section-height-default elementor-section-height-default\" data-id=\"57af827c\" data-element_type=\"section\">\n\t\t\t\t\t\t<div class=\"elementor-container elementor-column-gap-default\">\n\t\t\t\t\t<div class=\"elementor-column elementor-col-100 elementor-top-column elementor-element elementor-element-7e5d82f0\" data-id=\"7e5d82f0\" data-element_type=\"column\">\n\t\t\t<div class=\"elementor-widget-wrap elementor-element-populated\">\n\t\t\t\t\t\t<div class=\"elementor-element elementor-element-6b09f44f elementor-widget elementor-widget-shortcode\" data-id=\"6b09f44f\" data-element_type=\"widget\" data-widget_type=\"shortcode.default\">\n\t\t\t\t<div class=\"elementor-widget-container\">\n\t\t\t\t\t\t\t<div class=\"elementor-shortcode\"><div id=\"tdi_1\" class=\"tdc-zone\"><div class=\"tdc_zone tdi_2  wpb_row td-pb-row\"  >\n<style scoped>\n\/* custom css - generated by TagDiv Composer *\/\n\n\/* custom css - generated by TagDiv Composer *\/\n\/* custom css - generated by TagDiv Composer *\/\n.tdi_2{\r\n                    min-height: 0;\r\n                }\n<\/style><\/div><\/div><div id=\"tdi_3\" class=\"tdc-row stretch_row_1400 td-stretch-content\"><div class=\"vc_row tdi_4  wpb_row td-pb-row tdc-element-style\" >\n<style scoped>\n\/* custom css - generated by TagDiv Composer *\/\n\n\/* custom css - generated by TagDiv Composer *\/\n\/* custom css - generated by TagDiv Composer *\/\n.tdi_4,\r\n                .tdi_4 .tdc-columns{\r\n                    min-height: 0;\r\n                }.tdi_4 > .td-element-style:after{\r\n                    content: '' !important;\r\n                    width: 100% !important;\r\n                    height: 100% !important;\r\n                    position: absolute !important;\r\n                    top: 0 !important;\r\n                    left: 0 !important;\r\n                    z-index: 0 !important;\r\n                    display: block !important;\r\n                    background-color: #146478 !important;\r\n                }.tdi_4,\r\n\t\t\t\t.tdi_4 .tdc-columns{\r\n\t\t\t\t    display: block;\r\n\t\t\t\t}.tdi_4 .tdc-columns{\r\n\t\t\t\t    width: 100%;\r\n\t\t\t\t}\n\/* inline tdc_css att - generated by TagDiv Composer *\/\n\n.tdi_4{\npadding-top:20px !important;\npadding-bottom:20px !important;\n}\n\n.tdi_4 .td_block_wrap{ text-align:left }\n\n<\/style>\n<div class=\"tdi_3_rand_style td-element-style\" ><\/div><\/div><\/div><\/div>\n\t\t\t\t\t\t<\/div>\n\t\t\t\t<\/div>\n\t\t\t\t\t<\/div>\n\t\t<\/div>\n\t\t\t\t\t<\/div>\n\t\t<\/section>\n\t\t\t\t<section class=\"elementor-section elementor-top-section elementor-element elementor-element-ca2477a elementor-section-boxed elementor-section-height-default elementor-section-height-default\" data-id=\"ca2477a\" data-element_type=\"section\">\n\t\t\t\t\t\t<div class=\"elementor-container elementor-column-gap-default\">\n\t\t\t\t\t<div class=\"elementor-column elementor-col-100 elementor-top-column elementor-element elementor-element-e63530a\" data-id=\"e63530a\" data-element_type=\"column\">\n\t\t\t<div class=\"elementor-widget-wrap elementor-element-populated\">\n\t\t\t\t\t\t<div class=\"elementor-element elementor-element-5701b91 elementor-widget elementor-widget-text-editor\" data-id=\"5701b91\" data-element_type=\"widget\" data-widget_type=\"text-editor.default\">\n\t\t\t\t<div class=\"elementor-widget-container\">\n\t\t\t\t\t\t\t\t\t<h1>HAFTUNGSAUSSCHLUSS F\u00dcR WERBUNG<\/h1><p>SHOPS Plus hat es sich zum Ziel gesetzt, verl\u00e4ssliche Gesundheitsinformationen bereitzustellen, die Ihnen und Ihrer Familie helfen, ein gesundes Leben zu f\u00fchren. Unsere Redakteure und medizinischen Fachkr\u00e4fte befolgen strenge Pr\u00fcfverfahren bei der Erstellung von Inhalten. Obwohl SHOPS Plus mit Unternehmen zusammenarbeiten kann, die am Vertrieb ihrer Produkte interessiert sind, haben wir Richtlinien aufgestellt, um die Neutralit\u00e4t unserer Beitr\u00e4ge und Informationen zu gew\u00e4hrleisten.Es ist wichtig, zwischen redaktionellen Inhalten und Werbung zu unterscheiden. Wenn ein Beitrag gesponsert ist, weisen wir dies deutlich aus.<\/p><h3>1. Wir bestimmen, welche Werbung angezeigt wird.<\/h3><p>SHOPS Plus beh\u00e4lt sich das Recht vor, Anzeigen jederzeit und ohne Angabe von Gr\u00fcnden abzulehnen, zu stornieren oder zu l\u00f6schen. Au\u00dferdem behalten wir uns das Recht vor, die Platzierung der Anzeigen auf der Website zu bestimmen. Wir akzeptieren keine Anzeigen, die tr\u00fcgerische, irref\u00fchrende oder aufhetzende Elemente enthalten. Anzeigen, die Einzelpersonen oder Gruppen aufgrund von Alter, Hautfarbe, nationaler Herkunft, Rasse, Geschlecht oder Behinderung angreifen, werden auf SHOPS Plus nicht ver\u00f6ffentlicht. Au\u00dferdem d\u00fcrfen Anzeigen keinen Bezug zu Alkohol, Waffen, Gl\u00fccksspiel, Pornografie, Tabak oder Politik haben. Alle Anzeigen m\u00fcssen die Angaben des Inserenten enthalten. Alle Werbeinhalte, die mit redaktionellen Inhalten verwechselt werden k\u00f6nnten, sind deutlich als Werbung gekennzeichnet.<\/p><h3>2. Wir bef\u00fcrworten keine der beworbenen Produkte oder Dienstleistungen.<\/h3><p>Wir \u00fcbernehmen keine Verantwortung f\u00fcr die Richtigkeit, den Inhalt oder die Verf\u00fcgbarkeit von Informationen in den auf SHOPS Plus angezeigten Anzeigen. Auch k\u00f6nnen wir keine Garantie f\u00fcr die Qualit\u00e4t von Produkten oder Dienstleistungen \u00fcbernehmen, die von Nutzern auf Websites Dritter erworben werden. Diese Websites sind Eigentum Dritter und werden von diesen betrieben. Wir bef\u00fcrworten keine Produkte, Dienstleistungen oder Behauptungen von Websites Dritter oder Herstellern. Das SHOPS Plus hat keine Beziehung zu den Inhalten der automatisch angezeigten Anzeigen.<\/p><h3>3. Wir unterscheiden stets zwischen werblichen und redaktionellen Inhalten und<\/h3><p>kennzeichnen alle werblichen Inhalte deutlich als solche. Wenn der Nutzer auf eine Anzeige klickt, gelangt er auf eine Werbeseite eines Drittanbieters. Wir haften nicht f\u00fcr etwaige Probleme, die sich daraus ergeben k\u00f6nnen, wie in Abschnitt 2 dargelegt.<\/p><h3>4. Wir arbeiten unabh\u00e4ngig von Herstellern.<\/h3><p>SHOPS Plus bem\u00fcht sich um Kooperationen und Sponsoringm\u00f6glichkeiten mit namhaften Herstellern und Dienstleistern, um aktuelle Gesundheitsinhalte bereitzustellen. Die Produkte und Dienstleistungen, die auf SHOPS Plus vorgestellt werden, unterliegen einer unabh\u00e4ngigen Pr\u00fcfung durch unser Redaktionsteam und Gesundheitsexperten. Unsere Partner haben keinen Einfluss darauf. Wir haben Richtlinien entwickelt, um sicherzustellen, dass die Inhalte auf SHOPS Plus transparent und f\u00fcr unsere Leser wertvoll sind.<\/p><h3>5. Partnerprogramm<\/h3><p>SHOPS Plus m\u00f6chte seinen Nutzern einen praktischen Nutzen bieten. Unsere Redakteure stellen Links zu Produkten bereit, die sie f\u00fcr hilfreich halten. Bitte beachten Sie, dass diese Produkte unabh\u00e4ngig ausgew\u00e4hlt werden. Wenn Sie jedoch \u00fcber einen Link auf unserer Website einen Kauf t\u00e4tigen, erhalten wir m\u00f6glicherweise eine kleine Provision von unseren Affiliate-Partnern.<\/p>\t\t\t\t\t\t\t\t<\/div>\n\t\t\t\t<\/div>\n\t\t\t\t\t<\/div>\n\t\t<\/div>\n\t\t\t\t\t<\/div>\n\t\t<\/section>\n\t\t\t\t<\/div>\n\t\t","protected":false},"excerpt":{"rendered":"<p>HAFTUNGSAUSSCHLUSS F\u00dcR WERBUNGSHOPS Plus hat es sich zum Ziel gesetzt, verl\u00e4ssliche Gesundheitsinformationen bereitzustellen, die Ihnen und Ihrer Familie helfen, ein gesundes Leben zu f\u00fchren. Unsere Redakteure und medizinischen Fachkr\u00e4fte befolgen strenge Pr\u00fcfverfahren bei der Erstellung von Inhalten. Obwohl SHOPS Plus mit Unternehmen zusammenarbeiten kann, die am Vertrieb ihrer Produkte interessiert sind, haben wir Richtlinien aufgestellt, [&hellip;]<\/p>\n","protected":false},"author":3,"featured_media":0,"parent":0,"menu_order":0,"comment_status":"closed","ping_status":"closed","template":"","meta":{"footnotes":""},"class_list":["post-157246","page","type-page","status-publish"],"yoast_head":"<!-- This site is optimized with the Yoast SEO plugin v24.2 - https:\/\/yoast.com\/wordpress\/plugins\/seo\/ -->\n<title>HAFTUNGSAUSSCHLUSS F\u00dcR WERBUNG - SHOPS Plus<\/title>\n<meta name=\"robots\" content=\"index, follow, max-snippet:-1, max-image-preview:large, max-video-preview:-1\" \/>\n<link rel=\"canonical\" href=\"https:\/\/shopsplusproject.org\/de\/haftungsausschluss-fuer-werbung\" \/>\n<meta property=\"og:locale\" content=\"de_DE\" \/>\n<meta property=\"og:type\" content=\"article\" \/>\n<meta property=\"og:title\" content=\"HAFTUNGSAUSSCHLUSS F\u00dcR WERBUNG - SHOPS Plus\" \/>\n<meta property=\"og:description\" content=\"HAFTUNGSAUSSCHLUSS F\u00dcR WERBUNGSHOPS Plus hat es sich zum Ziel gesetzt, verl\u00e4ssliche Gesundheitsinformationen bereitzustellen, die Ihnen und Ihrer Familie helfen, ein gesundes Leben zu f\u00fchren. Unsere Redakteure und medizinischen Fachkr\u00e4fte befolgen strenge Pr\u00fcfverfahren bei der Erstellung von Inhalten. Obwohl SHOPS Plus mit Unternehmen zusammenarbeiten kann, die am Vertrieb ihrer Produkte interessiert sind, haben wir Richtlinien aufgestellt, [&hellip;]\" \/>\n<meta property=\"og:url\" content=\"https:\/\/shopsplusproject.org\/de\/haftungsausschluss-fuer-werbung\" \/>\n<meta property=\"og:site_name\" content=\"SHOPS Plus\" \/>\n<meta property=\"article:publisher\" content=\"https:\/\/www.facebook.com\/SHOPSPlus\" \/>\n<meta property=\"article:modified_time\" content=\"2024-04-12T17:24:59+00:00\" \/>\n<meta property=\"og:image\" content=\"https:\/\/shopsplusproject.org\/wp-content\/uploads\/2024\/04\/logo-SHOPS-Plus.png\" \/>\n\t<meta property=\"og:image:width\" content=\"1148\" \/>\n\t<meta property=\"og:image:height\" content=\"291\" \/>\n\t<meta property=\"og:image:type\" content=\"image\/png\" \/>\n<meta name=\"twitter:card\" content=\"summary_large_image\" \/>\n<meta name=\"twitter:site\" content=\"@ShopsPlus\" \/>\n<meta name=\"twitter:label1\" content=\"Gesch\u00e4tzte Lesezeit\" \/>\n\t<meta name=\"twitter:data1\" content=\"2\u00a0Minuten\" \/>\n<script type=\"application\/ld+json\" class=\"yoast-schema-graph\">{\"@context\":\"https:\/\/schema.org\",\"@graph\":[{\"@type\":\"WebPage\",\"@id\":\"https:\/\/shopsplusproject.org\/de\/haftungsausschluss-fuer-werbung\",\"url\":\"https:\/\/shopsplusproject.org\/de\/haftungsausschluss-fuer-werbung\",\"name\":\"HAFTUNGSAUSSCHLUSS F\u00dcR WERBUNG - SHOPS Plus\",\"isPartOf\":{\"@id\":\"https:\/\/shopsplusproject.org\/#website\"},\"datePublished\":\"2024-02-24T11:06:51+00:00\",\"dateModified\":\"2024-04-12T17:24:59+00:00\",\"breadcrumb\":{\"@id\":\"https:\/\/shopsplusproject.org\/de\/haftungsausschluss-fuer-werbung#breadcrumb\"},\"inLanguage\":\"de\",\"potentialAction\":[{\"@type\":\"ReadAction\",\"target\":[\"https:\/\/shopsplusproject.org\/de\/haftungsausschluss-fuer-werbung\"]}]},{\"@type\":\"BreadcrumbList\",\"@id\":\"https:\/\/shopsplusproject.org\/de\/haftungsausschluss-fuer-werbung#breadcrumb\",\"itemListElement\":[{\"@type\":\"ListItem\",\"position\":1,\"name\":\"Home\",\"item\":\"https:\/\/shopsplusproject.org\/\"},{\"@type\":\"ListItem\",\"position\":2,\"name\":\"HAFTUNGSAUSSCHLUSS F\u00dcR WERBUNG\"}]},{\"@type\":\"WebSite\",\"@id\":\"https:\/\/shopsplusproject.org\/#website\",\"url\":\"https:\/\/shopsplusproject.org\/\",\"name\":\"Sustaining Health Outcomes through the Private Sector (SHOPS) Plus\",\"description\":\"Sustaining Health Outcomes through the Private Sector (SHOPS) Plus is USAID\u2019s flagship initiative in private sector health.\",\"publisher\":{\"@id\":\"https:\/\/shopsplusproject.org\/#organization\"},\"alternateName\":\"SHOPS Plus\",\"potentialAction\":[{\"@type\":\"SearchAction\",\"target\":{\"@type\":\"EntryPoint\",\"urlTemplate\":\"https:\/\/shopsplusproject.org\/?s={search_term_string}\"},\"query-input\":{\"@type\":\"PropertyValueSpecification\",\"valueRequired\":true,\"valueName\":\"search_term_string\"}}],\"inLanguage\":\"de\"},{\"@type\":\"Organization\",\"@id\":\"https:\/\/shopsplusproject.org\/#organization\",\"name\":\"Sustaining Health Outcomes through the Private Sector (SHOPS) Plus\",\"alternateName\":\"SHOPS Plus\",\"url\":\"https:\/\/shopsplusproject.org\/\",\"logo\":{\"@type\":\"ImageObject\",\"inLanguage\":\"de\",\"@id\":\"https:\/\/shopsplusproject.org\/#\/schema\/logo\/image\/\",\"url\":\"https:\/\/shopsplusproject.org\/wp-content\/uploads\/2024\/04\/logo-SHOPS-Plus.png\",\"contentUrl\":\"https:\/\/shopsplusproject.org\/wp-content\/uploads\/2024\/04\/logo-SHOPS-Plus.png\",\"width\":1148,\"height\":291,\"caption\":\"Sustaining Health Outcomes through the Private Sector (SHOPS) Plus\"},\"image\":{\"@id\":\"https:\/\/shopsplusproject.org\/#\/schema\/logo\/image\/\"},\"sameAs\":[\"https:\/\/www.facebook.com\/SHOPSPlus\",\"https:\/\/x.com\/ShopsPlus\",\"https:\/\/www.youtube.com\/channel\/UCJkjnVPuFBVCJDWmLMv15NQ\"]}]}<\/script>\n<!-- \/ Yoast SEO plugin. -->","yoast_head_json":{"title":"HAFTUNGSAUSSCHLUSS F\u00dcR WERBUNG - SHOPS Plus","robots":{"index":"index","follow":"follow","max-snippet":"max-snippet:-1","max-image-preview":"max-image-preview:large","max-video-preview":"max-video-preview:-1"},"canonical":"https:\/\/shopsplusproject.org\/de\/haftungsausschluss-fuer-werbung","og_locale":"de_DE","og_type":"article","og_title":"HAFTUNGSAUSSCHLUSS F\u00dcR WERBUNG - SHOPS Plus","og_description":"HAFTUNGSAUSSCHLUSS F\u00dcR WERBUNGSHOPS Plus hat es sich zum Ziel gesetzt, verl\u00e4ssliche Gesundheitsinformationen bereitzustellen, die Ihnen und Ihrer Familie helfen, ein gesundes Leben zu f\u00fchren. Unsere Redakteure und medizinischen Fachkr\u00e4fte befolgen strenge Pr\u00fcfverfahren bei der Erstellung von Inhalten. Obwohl SHOPS Plus mit Unternehmen zusammenarbeiten kann, die am Vertrieb ihrer Produkte interessiert sind, haben wir Richtlinien aufgestellt, [&hellip;]","og_url":"https:\/\/shopsplusproject.org\/de\/haftungsausschluss-fuer-werbung","og_site_name":"SHOPS Plus","article_publisher":"https:\/\/www.facebook.com\/SHOPSPlus","article_modified_time":"2024-04-12T17:24:59+00:00","og_image":[{"width":1148,"height":291,"url":"https:\/\/shopsplusproject.org\/wp-content\/uploads\/2024\/04\/logo-SHOPS-Plus.png","type":"image\/png"}],"twitter_card":"summary_large_image","twitter_site":"@ShopsPlus","twitter_misc":{"Gesch\u00e4tzte Lesezeit":"2\u00a0Minuten"},"schema":{"@context":"https:\/\/schema.org","@graph":[{"@type":"WebPage","@id":"https:\/\/shopsplusproject.org\/de\/haftungsausschluss-fuer-werbung","url":"https:\/\/shopsplusproject.org\/de\/haftungsausschluss-fuer-werbung","name":"HAFTUNGSAUSSCHLUSS F\u00dcR WERBUNG - SHOPS Plus","isPartOf":{"@id":"https:\/\/shopsplusproject.org\/#website"},"datePublished":"2024-02-24T11:06:51+00:00","dateModified":"2024-04-12T17:24:59+00:00","breadcrumb":{"@id":"https:\/\/shopsplusproject.org\/de\/haftungsausschluss-fuer-werbung#breadcrumb"},"inLanguage":"de","potentialAction":[{"@type":"ReadAction","target":["https:\/\/shopsplusproject.org\/de\/haftungsausschluss-fuer-werbung"]}]},{"@type":"BreadcrumbList","@id":"https:\/\/shopsplusproject.org\/de\/haftungsausschluss-fuer-werbung#breadcrumb","itemListElement":[{"@type":"ListItem","position":1,"name":"Home","item":"https:\/\/shopsplusproject.org\/"},{"@type":"ListItem","position":2,"name":"HAFTUNGSAUSSCHLUSS F\u00dcR WERBUNG"}]},{"@type":"WebSite","@id":"https:\/\/shopsplusproject.org\/#website","url":"https:\/\/shopsplusproject.org\/","name":"Sustaining Health Outcomes through the Private Sector (SHOPS) Plus","description":"Sustaining Health Outcomes through the Private Sector (SHOPS) Plus is USAID\u2019s flagship initiative in private sector health.","publisher":{"@id":"https:\/\/shopsplusproject.org\/#organization"},"alternateName":"SHOPS Plus","potentialAction":[{"@type":"SearchAction","target":{"@type":"EntryPoint","urlTemplate":"https:\/\/shopsplusproject.org\/?s={search_term_string}"},"query-input":{"@type":"PropertyValueSpecification","valueRequired":true,"valueName":"search_term_string"}}],"inLanguage":"de"},{"@type":"Organization","@id":"https:\/\/shopsplusproject.org\/#organization","name":"Sustaining Health Outcomes through the Private Sector (SHOPS) Plus","alternateName":"SHOPS Plus","url":"https:\/\/shopsplusproject.org\/","logo":{"@type":"ImageObject","inLanguage":"de","@id":"https:\/\/shopsplusproject.org\/#\/schema\/logo\/image\/","url":"https:\/\/shopsplusproject.org\/wp-content\/uploads\/2024\/04\/logo-SHOPS-Plus.png","contentUrl":"https:\/\/shopsplusproject.org\/wp-content\/uploads\/2024\/04\/logo-SHOPS-Plus.png","width":1148,"height":291,"caption":"Sustaining Health Outcomes through the Private Sector (SHOPS) Plus"},"image":{"@id":"https:\/\/shopsplusproject.org\/#\/schema\/logo\/image\/"},"sameAs":["https:\/\/www.facebook.com\/SHOPSPlus","https:\/\/x.com\/ShopsPlus","https:\/\/www.youtube.com\/channel\/UCJkjnVPuFBVCJDWmLMv15NQ"]}]}},"_links":{"self":[{"href":"https:\/\/shopsplusproject.org\/de\/wp-json\/wp\/v2\/pages\/157246","targetHints":{"allow":["GET"]}}],"collection":[{"href":"https:\/\/shopsplusproject.org\/de\/wp-json\/wp\/v2\/pages"}],"about":[{"href":"https:\/\/shopsplusproject.org\/de\/wp-json\/wp\/v2\/types\/page"}],"author":[{"embeddable":true,"href":"https:\/\/shopsplusproject.org\/de\/wp-json\/wp\/v2\/users\/3"}],"replies":[{"embeddable":true,"href":"https:\/\/shopsplusproject.org\/de\/wp-json\/wp\/v2\/comments?post=157246"}],"version-history":[{"count":0,"href":"https:\/\/shopsplusproject.org\/de\/wp-json\/wp\/v2\/pages\/157246\/revisions"}],"wp:attachment":[{"href":"https:\/\/shopsplusproject.org\/de\/wp-json\/wp\/v2\/media?parent=157246"}],"curies":[{"name":"wp","href":"https:\/\/api.w.org\/{rel}","templated":true}]}}