{"id":157235,"date":"2024-02-24T11:00:11","date_gmt":"2024-02-24T11:00:11","guid":{"rendered":"https:\/\/clic-ctsa.org\/?page_id=157235"},"modified":"2024-04-12T17:28:38","modified_gmt":"2024-04-12T17:28:38","slug":"medizinischer-haftungsausschluss","status":"publish","type":"page","link":"https:\/\/shopsplusproject.org\/de\/medizinischer-haftungsausschluss","title":{"rendered":"MEDIZINISCHER HAFTUNGSAUSSCHLUSS"},"content":{"rendered":"\t\t<div data-elementor-type=\"wp-page\" data-elementor-id=\"157235\" class=\"elementor elementor-157235\">\n\t\t\t\t\t\t<section class=\"elementor-section elementor-top-section elementor-element elementor-element-59371034 elementor-section-boxed elementor-section-height-default elementor-section-height-default\" data-id=\"59371034\" data-element_type=\"section\">\n\t\t\t\t\t\t<div class=\"elementor-container elementor-column-gap-default\">\n\t\t\t\t\t<div class=\"elementor-column elementor-col-100 elementor-top-column elementor-element elementor-element-4b6a4473\" data-id=\"4b6a4473\" data-element_type=\"column\">\n\t\t\t<div class=\"elementor-widget-wrap elementor-element-populated\">\n\t\t\t\t\t\t<div class=\"elementor-element elementor-element-16dad97 elementor-widget elementor-widget-shortcode\" data-id=\"16dad97\" data-element_type=\"widget\" data-widget_type=\"shortcode.default\">\n\t\t\t\t<div class=\"elementor-widget-container\">\n\t\t\t\t\t\t\t<div class=\"elementor-shortcode\"><div id=\"tdi_1\" class=\"tdc-zone\"><div class=\"tdc_zone tdi_2  wpb_row td-pb-row\"  >\n<style scoped>\n\/* custom css - generated by TagDiv Composer *\/\n\n\/* custom css - generated by TagDiv Composer *\/\n\/* custom css - generated by TagDiv Composer *\/\n.tdi_2{\r\n                    min-height: 0;\r\n                }\n<\/style><\/div><\/div><div id=\"tdi_3\" class=\"tdc-row stretch_row_1400 td-stretch-content\"><div class=\"vc_row tdi_4  wpb_row td-pb-row tdc-element-style\" >\n<style scoped>\n\/* custom css - generated by TagDiv Composer *\/\n\n\/* custom css - generated by TagDiv Composer *\/\n\/* custom css - generated by TagDiv Composer *\/\n.tdi_4,\r\n                .tdi_4 .tdc-columns{\r\n                    min-height: 0;\r\n                }.tdi_4 > .td-element-style:after{\r\n                    content: '' !important;\r\n                    width: 100% !important;\r\n                    height: 100% !important;\r\n                    position: absolute !important;\r\n                    top: 0 !important;\r\n                    left: 0 !important;\r\n                    z-index: 0 !important;\r\n                    display: block !important;\r\n                    background-color: #146478 !important;\r\n                }.tdi_4,\r\n\t\t\t\t.tdi_4 .tdc-columns{\r\n\t\t\t\t    display: block;\r\n\t\t\t\t}.tdi_4 .tdc-columns{\r\n\t\t\t\t    width: 100%;\r\n\t\t\t\t}\n\/* inline tdc_css att - generated by TagDiv Composer *\/\n\n.tdi_4{\npadding-top:20px !important;\npadding-bottom:20px !important;\n}\n\n.tdi_4 .td_block_wrap{ text-align:left }\n\n<\/style>\n<div class=\"tdi_3_rand_style td-element-style\" ><\/div><\/div><\/div><\/div>\n\t\t\t\t\t\t<\/div>\n\t\t\t\t<\/div>\n\t\t\t\t\t<\/div>\n\t\t<\/div>\n\t\t\t\t\t<\/div>\n\t\t<\/section>\n\t\t\t\t<section class=\"elementor-section elementor-top-section elementor-element elementor-element-fbd73e6 elementor-section-boxed elementor-section-height-default elementor-section-height-default\" data-id=\"fbd73e6\" data-element_type=\"section\">\n\t\t\t\t\t\t<div class=\"elementor-container elementor-column-gap-default\">\n\t\t\t\t\t<div class=\"elementor-column elementor-col-100 elementor-top-column elementor-element elementor-element-3fa71a05\" data-id=\"3fa71a05\" data-element_type=\"column\">\n\t\t\t<div class=\"elementor-widget-wrap elementor-element-populated\">\n\t\t\t\t\t\t<div class=\"elementor-element elementor-element-36e1e7a3 elementor-widget elementor-widget-text-editor\" data-id=\"36e1e7a3\" data-element_type=\"widget\" data-widget_type=\"text-editor.default\">\n\t\t\t\t<div class=\"elementor-widget-container\">\n\t\t\t\t\t\t\t\t\t<p>Die Informationen auf https:\/\/shopsplusproject.org werden nach bestem Wissen und Gewissen ver\u00f6ffentlicht. Sie dienen ausschlie\u00dflich der allgemeinen Gesundheitsinformation. Wir erteilen keine pers\u00f6nlichen oder allgemeinen Gesundheitsratschl\u00e4ge. In dringenden Notf\u00e4llen wenden Sie sich bitte an das \u00f6rtliche Notfallpersonal oder suchen Sie die n\u00e4chstgelegene medizinische Einrichtung auf, um die beste Beratung und Versorgung zu erhalten. SHOP Plus empfiehlt, bef\u00fcrwortet oder vertritt keine bestimmten Tests, Produkte, Verfahren, Behandlungen, Dienstleistungen, Meinungen, Gesundheitsdienstleister oder andere Informationen, die auf dieser Website enthalten oder \u00fcber sie zug\u00e4nglich sind. SHOP Plus ist nicht verantwortlich f\u00fcr Ratschl\u00e4ge, Behandlungen, Diagnosen oder Informationen, Dienstleistungen oder Produkte, die \u00fcber diese Website bezogen werden.<\/p><p>Der Inhalt dieser Website dient ausschlie\u00dflich allgemeinen Informationszwecken und ist nicht als Ersatz f\u00fcr professionelle medizinische Beratung, Diagnose oder Behandlung gedacht. Er wurde in Zusammenarbeit mit zertifizierten, lizenzierten oder registrierten Fachleuten des Gesundheitswesens sowie unterzeichneten externen Mitwirkenden erstellt und enth\u00e4lt Texte, Grafiken, Bilder und Informationen. SHOP Plus \u00fcbernimmt keine Gew\u00e4hr f\u00fcr die Richtigkeit der Informationen auf dieser Website. Die bereitgestellten Informationen k\u00f6nnen ohne vorherige Ank\u00fcndigung ge\u00e4ndert werden. Es wird empfohlen, alle Informationen mit anderen Quellen abzugleichen und einen Arzt zu konsultieren, wenn Sie eine Erkrankung oder Behandlung haben. Es ist wichtig, dass Sie immer professionellen medizinischen Rat einholen und \u00e4rztliche Hilfe nicht hinausz\u00f6gern.<\/p><p>\u00dcber SHOP Plus k\u00f6nnen Sie auf andere Websites zugreifen, indem Sie auf Hyperlinks zu externen Websites klicken. Wir bem\u00fchen uns, nur Links zu qualitativ hochwertigen, ethischen und n\u00fctzlichen Websites anzubieten. Wir haben jedoch keine Kontrolle \u00fcber den Inhalt und die Art dieser Websites. Diese Links zu anderen Websites sind keine Empfehlung f\u00fcr den gesamten Inhalt dieser Websites. Die Eigent\u00fcmer und Inhalte der Websites k\u00f6nnen sich ohne Vorank\u00fcndigung \u00e4ndern. Wir k\u00f6nnen einen Link entfernen, wenn er m\u00f6glicherweise &#8217;schlecht&#8216; geworden ist.<\/p>\t\t\t\t\t\t\t\t<\/div>\n\t\t\t\t<\/div>\n\t\t\t\t\t<\/div>\n\t\t<\/div>\n\t\t\t\t\t<\/div>\n\t\t<\/section>\n\t\t\t\t<\/div>\n\t\t","protected":false},"excerpt":{"rendered":"<p>Die Informationen auf https:\/\/shopsplusproject.org werden nach bestem Wissen und Gewissen ver\u00f6ffentlicht. Sie dienen ausschlie\u00dflich der allgemeinen Gesundheitsinformation. Wir erteilen keine pers\u00f6nlichen oder allgemeinen Gesundheitsratschl\u00e4ge. In dringenden Notf\u00e4llen wenden Sie sich bitte an das \u00f6rtliche Notfallpersonal oder suchen Sie die n\u00e4chstgelegene medizinische Einrichtung auf, um die beste Beratung und Versorgung zu erhalten. SHOP Plus empfiehlt, bef\u00fcrwortet [&hellip;]<\/p>\n","protected":false},"author":3,"featured_media":0,"parent":0,"menu_order":0,"comment_status":"closed","ping_status":"closed","template":"","meta":{"footnotes":""},"class_list":["post-157235","page","type-page","status-publish"],"yoast_head":"<!-- This site is optimized with the Yoast SEO plugin v24.2 - https:\/\/yoast.com\/wordpress\/plugins\/seo\/ -->\n<title>MEDIZINISCHER HAFTUNGSAUSSCHLUSS - SHOPS Plus<\/title>\n<meta name=\"robots\" content=\"index, follow, max-snippet:-1, max-image-preview:large, max-video-preview:-1\" \/>\n<link rel=\"canonical\" href=\"https:\/\/shopsplusproject.org\/de\/medizinischer-haftungsausschluss\" \/>\n<meta property=\"og:locale\" content=\"de_DE\" \/>\n<meta property=\"og:type\" content=\"article\" \/>\n<meta property=\"og:title\" content=\"MEDIZINISCHER HAFTUNGSAUSSCHLUSS - SHOPS Plus\" \/>\n<meta property=\"og:description\" content=\"Die Informationen auf https:\/\/shopsplusproject.org werden nach bestem Wissen und Gewissen ver\u00f6ffentlicht. Sie dienen ausschlie\u00dflich der allgemeinen Gesundheitsinformation. Wir erteilen keine pers\u00f6nlichen oder allgemeinen Gesundheitsratschl\u00e4ge. In dringenden Notf\u00e4llen wenden Sie sich bitte an das \u00f6rtliche Notfallpersonal oder suchen Sie die n\u00e4chstgelegene medizinische Einrichtung auf, um die beste Beratung und Versorgung zu erhalten. SHOP Plus empfiehlt, bef\u00fcrwortet [&hellip;]\" \/>\n<meta property=\"og:url\" content=\"https:\/\/shopsplusproject.org\/de\/medizinischer-haftungsausschluss\" \/>\n<meta property=\"og:site_name\" content=\"SHOPS Plus\" \/>\n<meta property=\"article:publisher\" content=\"https:\/\/www.facebook.com\/SHOPSPlus\" \/>\n<meta property=\"article:modified_time\" content=\"2024-04-12T17:28:38+00:00\" \/>\n<meta property=\"og:image\" content=\"https:\/\/shopsplusproject.org\/wp-content\/uploads\/2024\/04\/logo-SHOPS-Plus.png\" \/>\n\t<meta property=\"og:image:width\" content=\"1148\" \/>\n\t<meta property=\"og:image:height\" content=\"291\" \/>\n\t<meta property=\"og:image:type\" content=\"image\/png\" \/>\n<meta name=\"twitter:card\" content=\"summary_large_image\" \/>\n<meta name=\"twitter:site\" content=\"@ShopsPlus\" \/>\n<meta name=\"twitter:label1\" content=\"Gesch\u00e4tzte Lesezeit\" \/>\n\t<meta name=\"twitter:data1\" content=\"2\u00a0Minuten\" \/>\n<script type=\"application\/ld+json\" class=\"yoast-schema-graph\">{\"@context\":\"https:\/\/schema.org\",\"@graph\":[{\"@type\":\"WebPage\",\"@id\":\"https:\/\/shopsplusproject.org\/de\/medizinischer-haftungsausschluss\",\"url\":\"https:\/\/shopsplusproject.org\/de\/medizinischer-haftungsausschluss\",\"name\":\"MEDIZINISCHER HAFTUNGSAUSSCHLUSS - SHOPS Plus\",\"isPartOf\":{\"@id\":\"https:\/\/shopsplusproject.org\/#website\"},\"datePublished\":\"2024-02-24T11:00:11+00:00\",\"dateModified\":\"2024-04-12T17:28:38+00:00\",\"breadcrumb\":{\"@id\":\"https:\/\/shopsplusproject.org\/de\/medizinischer-haftungsausschluss#breadcrumb\"},\"inLanguage\":\"de\",\"potentialAction\":[{\"@type\":\"ReadAction\",\"target\":[\"https:\/\/shopsplusproject.org\/de\/medizinischer-haftungsausschluss\"]}]},{\"@type\":\"BreadcrumbList\",\"@id\":\"https:\/\/shopsplusproject.org\/de\/medizinischer-haftungsausschluss#breadcrumb\",\"itemListElement\":[{\"@type\":\"ListItem\",\"position\":1,\"name\":\"Home\",\"item\":\"https:\/\/shopsplusproject.org\/\"},{\"@type\":\"ListItem\",\"position\":2,\"name\":\"MEDIZINISCHER HAFTUNGSAUSSCHLUSS\"}]},{\"@type\":\"WebSite\",\"@id\":\"https:\/\/shopsplusproject.org\/#website\",\"url\":\"https:\/\/shopsplusproject.org\/\",\"name\":\"Sustaining Health Outcomes through the Private Sector (SHOPS) Plus\",\"description\":\"Sustaining Health Outcomes through the Private Sector (SHOPS) Plus is USAID\u2019s flagship initiative in private sector health.\",\"publisher\":{\"@id\":\"https:\/\/shopsplusproject.org\/#organization\"},\"alternateName\":\"SHOPS Plus\",\"potentialAction\":[{\"@type\":\"SearchAction\",\"target\":{\"@type\":\"EntryPoint\",\"urlTemplate\":\"https:\/\/shopsplusproject.org\/?s={search_term_string}\"},\"query-input\":{\"@type\":\"PropertyValueSpecification\",\"valueRequired\":true,\"valueName\":\"search_term_string\"}}],\"inLanguage\":\"de\"},{\"@type\":\"Organization\",\"@id\":\"https:\/\/shopsplusproject.org\/#organization\",\"name\":\"Sustaining Health Outcomes through the Private Sector (SHOPS) Plus\",\"alternateName\":\"SHOPS Plus\",\"url\":\"https:\/\/shopsplusproject.org\/\",\"logo\":{\"@type\":\"ImageObject\",\"inLanguage\":\"de\",\"@id\":\"https:\/\/shopsplusproject.org\/#\/schema\/logo\/image\/\",\"url\":\"https:\/\/shopsplusproject.org\/wp-content\/uploads\/2024\/04\/logo-SHOPS-Plus.png\",\"contentUrl\":\"https:\/\/shopsplusproject.org\/wp-content\/uploads\/2024\/04\/logo-SHOPS-Plus.png\",\"width\":1148,\"height\":291,\"caption\":\"Sustaining Health Outcomes through the Private Sector (SHOPS) Plus\"},\"image\":{\"@id\":\"https:\/\/shopsplusproject.org\/#\/schema\/logo\/image\/\"},\"sameAs\":[\"https:\/\/www.facebook.com\/SHOPSPlus\",\"https:\/\/x.com\/ShopsPlus\",\"https:\/\/www.youtube.com\/channel\/UCJkjnVPuFBVCJDWmLMv15NQ\"]}]}<\/script>\n<!-- \/ Yoast SEO plugin. -->","yoast_head_json":{"title":"MEDIZINISCHER HAFTUNGSAUSSCHLUSS - SHOPS Plus","robots":{"index":"index","follow":"follow","max-snippet":"max-snippet:-1","max-image-preview":"max-image-preview:large","max-video-preview":"max-video-preview:-1"},"canonical":"https:\/\/shopsplusproject.org\/de\/medizinischer-haftungsausschluss","og_locale":"de_DE","og_type":"article","og_title":"MEDIZINISCHER HAFTUNGSAUSSCHLUSS - SHOPS Plus","og_description":"Die Informationen auf https:\/\/shopsplusproject.org werden nach bestem Wissen und Gewissen ver\u00f6ffentlicht. Sie dienen ausschlie\u00dflich der allgemeinen Gesundheitsinformation. Wir erteilen keine pers\u00f6nlichen oder allgemeinen Gesundheitsratschl\u00e4ge. In dringenden Notf\u00e4llen wenden Sie sich bitte an das \u00f6rtliche Notfallpersonal oder suchen Sie die n\u00e4chstgelegene medizinische Einrichtung auf, um die beste Beratung und Versorgung zu erhalten. SHOP Plus empfiehlt, bef\u00fcrwortet [&hellip;]","og_url":"https:\/\/shopsplusproject.org\/de\/medizinischer-haftungsausschluss","og_site_name":"SHOPS Plus","article_publisher":"https:\/\/www.facebook.com\/SHOPSPlus","article_modified_time":"2024-04-12T17:28:38+00:00","og_image":[{"width":1148,"height":291,"url":"https:\/\/shopsplusproject.org\/wp-content\/uploads\/2024\/04\/logo-SHOPS-Plus.png","type":"image\/png"}],"twitter_card":"summary_large_image","twitter_site":"@ShopsPlus","twitter_misc":{"Gesch\u00e4tzte Lesezeit":"2\u00a0Minuten"},"schema":{"@context":"https:\/\/schema.org","@graph":[{"@type":"WebPage","@id":"https:\/\/shopsplusproject.org\/de\/medizinischer-haftungsausschluss","url":"https:\/\/shopsplusproject.org\/de\/medizinischer-haftungsausschluss","name":"MEDIZINISCHER HAFTUNGSAUSSCHLUSS - SHOPS Plus","isPartOf":{"@id":"https:\/\/shopsplusproject.org\/#website"},"datePublished":"2024-02-24T11:00:11+00:00","dateModified":"2024-04-12T17:28:38+00:00","breadcrumb":{"@id":"https:\/\/shopsplusproject.org\/de\/medizinischer-haftungsausschluss#breadcrumb"},"inLanguage":"de","potentialAction":[{"@type":"ReadAction","target":["https:\/\/shopsplusproject.org\/de\/medizinischer-haftungsausschluss"]}]},{"@type":"BreadcrumbList","@id":"https:\/\/shopsplusproject.org\/de\/medizinischer-haftungsausschluss#breadcrumb","itemListElement":[{"@type":"ListItem","position":1,"name":"Home","item":"https:\/\/shopsplusproject.org\/"},{"@type":"ListItem","position":2,"name":"MEDIZINISCHER HAFTUNGSAUSSCHLUSS"}]},{"@type":"WebSite","@id":"https:\/\/shopsplusproject.org\/#website","url":"https:\/\/shopsplusproject.org\/","name":"Sustaining Health Outcomes through the Private Sector (SHOPS) Plus","description":"Sustaining Health Outcomes through the Private Sector (SHOPS) Plus is USAID\u2019s flagship initiative in private sector health.","publisher":{"@id":"https:\/\/shopsplusproject.org\/#organization"},"alternateName":"SHOPS Plus","potentialAction":[{"@type":"SearchAction","target":{"@type":"EntryPoint","urlTemplate":"https:\/\/shopsplusproject.org\/?s={search_term_string}"},"query-input":{"@type":"PropertyValueSpecification","valueRequired":true,"valueName":"search_term_string"}}],"inLanguage":"de"},{"@type":"Organization","@id":"https:\/\/shopsplusproject.org\/#organization","name":"Sustaining Health Outcomes through the Private Sector (SHOPS) Plus","alternateName":"SHOPS Plus","url":"https:\/\/shopsplusproject.org\/","logo":{"@type":"ImageObject","inLanguage":"de","@id":"https:\/\/shopsplusproject.org\/#\/schema\/logo\/image\/","url":"https:\/\/shopsplusproject.org\/wp-content\/uploads\/2024\/04\/logo-SHOPS-Plus.png","contentUrl":"https:\/\/shopsplusproject.org\/wp-content\/uploads\/2024\/04\/logo-SHOPS-Plus.png","width":1148,"height":291,"caption":"Sustaining Health Outcomes through the Private Sector (SHOPS) Plus"},"image":{"@id":"https:\/\/shopsplusproject.org\/#\/schema\/logo\/image\/"},"sameAs":["https:\/\/www.facebook.com\/SHOPSPlus","https:\/\/x.com\/ShopsPlus","https:\/\/www.youtube.com\/channel\/UCJkjnVPuFBVCJDWmLMv15NQ"]}]}},"_links":{"self":[{"href":"https:\/\/shopsplusproject.org\/de\/wp-json\/wp\/v2\/pages\/157235","targetHints":{"allow":["GET"]}}],"collection":[{"href":"https:\/\/shopsplusproject.org\/de\/wp-json\/wp\/v2\/pages"}],"about":[{"href":"https:\/\/shopsplusproject.org\/de\/wp-json\/wp\/v2\/types\/page"}],"author":[{"embeddable":true,"href":"https:\/\/shopsplusproject.org\/de\/wp-json\/wp\/v2\/users\/3"}],"replies":[{"embeddable":true,"href":"https:\/\/shopsplusproject.org\/de\/wp-json\/wp\/v2\/comments?post=157235"}],"version-history":[{"count":0,"href":"https:\/\/shopsplusproject.org\/de\/wp-json\/wp\/v2\/pages\/157235\/revisions"}],"wp:attachment":[{"href":"https:\/\/shopsplusproject.org\/de\/wp-json\/wp\/v2\/media?parent=157235"}],"curies":[{"name":"wp","href":"https:\/\/api.w.org\/{rel}","templated":true}]}}